{"id":1058,"date":"2022-04-02T19:51:33","date_gmt":"2022-04-02T16:51:33","guid":{"rendered":"http:\/\/padilla.law\/?page_id=1058"},"modified":"2023-04-12T12:01:21","modified_gmt":"2023-04-12T09:01:21","slug":"crypto","status":"publish","type":"page","link":"https:\/\/padilla.law\/es\/crypto\/","title":{"rendered":"Criptomoneda y blockchain"},"content":{"rendered":"<div data-elementor-type=\"wp-page\" data-elementor-id=\"1058\" class=\"elementor elementor-1058\">\n\t\t\t\t\t\t<div class=\"elementor-inner\">\n\t\t\t\t<div class=\"elementor-section-wrap\">\n\t\t\t\t\t\t\t\t\t<section class=\"elementor-section elementor-top-section elementor-element elementor-element-04920d7 elementor-section-boxed elementor-section-height-default elementor-section-height-default\" data-id=\"04920d7\" data-element_type=\"section\" data-settings=\"{&quot;background_background&quot;:&quot;classic&quot;}\">\n\t\t\t\t\t\t\t<div class=\"elementor-background-overlay\"><\/div>\n\t\t\t\t\t\t\t<div class=\"elementor-container elementor-column-gap-default\">\n\t\t\t\t\t\t\t<div class=\"elementor-row\">\n\t\t\t\t\t<div class=\"elementor-column elementor-col-100 elementor-top-column elementor-element elementor-element-18cfe9e\" data-id=\"18cfe9e\" data-element_type=\"column\">\n\t\t\t<div class=\"elementor-column-wrap elementor-element-populated\">\n\t\t\t\t\t\t\t<div class=\"elementor-widget-wrap\">\n\t\t\t\t\t\t<div class=\"elementor-element elementor-element-8f39512 elementor-widget elementor-widget-heading\" data-id=\"8f39512\" data-element_type=\"widget\" data-widget_type=\"heading.default\">\n\t\t\t\t<div class=\"elementor-widget-container\">\n\t\t\t<h1 class=\"elementor-heading-title elementor-size-default\">Criptomoneda y blockchain<\/h1>\t\t<\/div>\n\t\t\t\t<\/div>\n\t\t\t\t<div class=\"elementor-element elementor-element-a304726 elementor-align-left elementor-widget__width-initial elementor-fixed elementor-hidden-tablet elementor-hidden-phone elementor-widget elementor-widget-button\" data-id=\"a304726\" data-element_type=\"widget\" data-settings=\"{&quot;_position&quot;:&quot;fixed&quot;}\" data-widget_type=\"button.default\">\n\t\t\t\t<div class=\"elementor-widget-container\">\n\t\t\t\t\t<div class=\"elementor-button-wrapper\">\n\t\t\t<a href=\"#elementor-action:action=popup:open&settings=eyJpZCI6IjgwMSIsInRvZ2dsZSI6ZmFsc2V9\" class=\"elementor-button-link elementor-button elementor-size-md elementor-animation-bob\" role=\"button\">\n\t\t\t\t\t\t<span class=\"elementor-button-content-wrapper\">\n\t\t\t\t\t\t\t<span class=\"elementor-button-icon elementor-align-icon-left\">\n\t\t\t\t<i aria-hidden=\"true\" class=\"fas fa-envelope\"><\/i>\t\t\t<\/span>\n\t\t\t\t\t\t<span class=\"elementor-button-text\"><\/span>\n\t\t<\/span>\n\t\t\t\t\t<\/a>\n\t\t<\/div>\n\t\t\t\t<\/div>\n\t\t\t\t<\/div>\n\t\t\t\t<div class=\"elementor-element elementor-element-ec175f8 elementor-align-left elementor-widget__width-initial elementor-fixed elementor-hidden-phone elementor-widget elementor-widget-button\" data-id=\"ec175f8\" data-element_type=\"widget\" data-settings=\"{&quot;_position&quot;:&quot;fixed&quot;}\" data-widget_type=\"button.default\">\n\t\t\t\t<div class=\"elementor-widget-container\">\n\t\t\t\t\t<div class=\"elementor-button-wrapper\">\n\t\t\t<a href=\"#top\" class=\"elementor-button-link elementor-button elementor-size-md elementor-animation-bob\" role=\"button\">\n\t\t\t\t\t\t<span class=\"elementor-button-content-wrapper\">\n\t\t\t\t\t\t\t<span class=\"elementor-button-icon elementor-align-icon-left\">\n\t\t\t\t<i aria-hidden=\"true\" class=\"fas fa-angle-up\"><\/i>\t\t\t<\/span>\n\t\t\t\t\t\t<span class=\"elementor-button-text\"><\/span>\n\t\t<\/span>\n\t\t\t\t\t<\/a>\n\t\t<\/div>\n\t\t\t\t<\/div>\n\t\t\t\t<\/div>\n\t\t\t\t\t\t<\/div>\n\t\t\t\t\t<\/div>\n\t\t<\/div>\n\t\t\t\t\t\t\t\t<\/div>\n\t\t\t\t\t<\/div>\n\t\t<\/section>\n\t\t\t\t<section class=\"elementor-section elementor-top-section elementor-element elementor-element-99b8ed7 elementor-section-boxed elementor-section-height-default elementor-section-height-default\" data-id=\"99b8ed7\" data-element_type=\"section\" data-settings=\"{&quot;background_background&quot;:&quot;classic&quot;}\">\n\t\t\t\t\t\t<div class=\"elementor-container elementor-column-gap-default\">\n\t\t\t\t\t\t\t<div class=\"elementor-row\">\n\t\t\t\t\t<div class=\"elementor-column elementor-col-50 elementor-top-column elementor-element elementor-element-36d6c74\" data-id=\"36d6c74\" data-element_type=\"column\">\n\t\t\t<div class=\"elementor-column-wrap elementor-element-populated\">\n\t\t\t\t\t\t\t<div class=\"elementor-widget-wrap\">\n\t\t\t\t\t\t<div class=\"elementor-element elementor-element-def074e elementor-widget elementor-widget-heading\" data-id=\"def074e\" data-element_type=\"widget\" data-widget_type=\"heading.default\">\n\t\t\t\t<div class=\"elementor-widget-container\">\n\t\t\t<h3 class=\"elementor-heading-title elementor-size-default\">ABOGADOS QUE COMPRENDEN<\/h3>\t\t<\/div>\n\t\t\t\t<\/div>\n\t\t\t\t<div class=\"elementor-element elementor-element-8fb33ac elementor-widget elementor-widget-text-editor\" data-id=\"8fb33ac\" data-element_type=\"widget\" data-widget_type=\"text-editor.default\">\n\t\t\t\t<div class=\"elementor-widget-container\">\n\t\t\t\t\t\t\t\t<div class=\"elementor-text-editor elementor-clearfix\">\n\t\t\t\t<p>Como parte del compromiso de Padilla Law de ayudar a los emprendedores en nuevas tecnolog\u00edas, ofrecemos experiencia y asesoramiento pr\u00e1ctico\npara aquellos en las industrias de vanguardia de las tecnolog\u00edas blockchain y los proyectos de criptomoneda.<\/p><p>Sabemos que necesita a alguien que entienda lo que est\u00e1 intentando hacer y que le ofrezca rapidez para ayudarle a conseguirlo prontamente.<\/p><p>Nuestros abogados aportan su experiencia en capital de riesgo, regulaci\u00f3n de valores, industria del juego y fiscalidad internacional y estadounidense para ayudarle a desarrollar su negocio en diversas \u00e1reas del espacio, desde NFT y monedas hasta P2E y Web3.\u00a0<\/p>\t\t\t\t\t<\/div>\n\t\t\t\t\t\t<\/div>\n\t\t\t\t<\/div>\n\t\t\t\t<div class=\"elementor-element elementor-element-74cb9e4 elementor-widget elementor-widget-button\" data-id=\"74cb9e4\" data-element_type=\"widget\" data-widget_type=\"button.default\">\n\t\t\t\t<div class=\"elementor-widget-container\">\n\t\t\t\t\t<div class=\"elementor-button-wrapper\">\n\t\t\t<a href=\"#elementor-action:action=popup:open&settings=eyJpZCI6IjEwNyIsInRvZ2dsZSI6ZmFsc2V9\" class=\"elementor-button-link elementor-button elementor-size-sm\" role=\"button\">\n\t\t\t\t\t\t<span class=\"elementor-button-content-wrapper\">\n\t\t\t\t\t\t<span class=\"elementor-button-text\">P\u00f3ngase en contacto<\/span>\n\t\t<\/span>\n\t\t\t\t\t<\/a>\n\t\t<\/div>\n\t\t\t\t<\/div>\n\t\t\t\t<\/div>\n\t\t\t\t\t\t<\/div>\n\t\t\t\t\t<\/div>\n\t\t<\/div>\n\t\t\t\t<div class=\"elementor-column elementor-col-50 elementor-top-column elementor-element elementor-element-f246261\" data-id=\"f246261\" data-element_type=\"column\" data-settings=\"{&quot;background_background&quot;:&quot;classic&quot;}\">\n\t\t\t<div class=\"elementor-column-wrap elementor-element-populated\">\n\t\t\t\t\t\t\t<div class=\"elementor-widget-wrap\">\n\t\t\t\t\t\t<div class=\"elementor-element elementor-element-ff08f0f elementor-widget elementor-widget-image\" data-id=\"ff08f0f\" data-element_type=\"widget\" data-widget_type=\"image.default\">\n\t\t\t\t<div class=\"elementor-widget-container\">\n\t\t\t\t\t\t\t\t<div class=\"elementor-image\">\n\t\t\t\t\t\t\t\t\t\t\t\t<img decoding=\"async\" src=\"https:\/\/padilla.law\/wp-content\/uploads\/elementor\/thumbs\/quantitatives-FivSzd2O1Uw-unsplash-qrhaa8j50mxmjsdn7ck5u5glgtostizjp8qku66a3k.jpeg\" title=\"quantitatives-FivSzd2O1Uw-unsplash\" alt=\"quantitatives-FivSzd2O1Uw-unsplash\" \/>\t\t\t\t\t\t\t\t\t\t\t\t\t\t<\/div>\n\t\t\t\t\t\t<\/div>\n\t\t\t\t<\/div>\n\t\t\t\t<div class=\"elementor-element elementor-element-76a464f elementor-blockquote--skin-quotation elementor-blockquote--align-left elementor-blockquote--button-color-official elementor-widget elementor-widget-blockquote\" data-id=\"76a464f\" data-element_type=\"widget\" data-widget_type=\"blockquote.default\">\n\t\t\t\t<div class=\"elementor-widget-container\">\n\t\t\t\t\t<blockquote class=\"elementor-blockquote\">\n\t\t\t<p class=\"elementor-blockquote__content\">\n\t\t\t\tCreo que Internet va a ser una de las principales fuerzas para reducir el papel del gobierno. Lo \u00fanico que falta, pero que pronto se desarrollar\u00e1, es el dinero electr\u00f3nico confiable\t\t\t<\/p>\n\t\t\t\t\t\t\t<footer>\n\t\t\t\t\t\t\t\t\t\t\t<cite class=\"elementor-blockquote__author\">Profesor. Milton Friedman, ganador del premio nobel de econom\u00eda.<\/cite>\n\t\t\t\t\t\t\t\t\t\t\t\t\t\t<\/footer>\n\t\t\t\t\t<\/blockquote>\n\t\t\t\t<\/div>\n\t\t\t\t<\/div>\n\t\t\t\t<div class=\"elementor-element elementor-element-72ca211 elementor-widget elementor-widget-heading\" data-id=\"72ca211\" data-element_type=\"widget\" data-widget_type=\"heading.default\">\n\t\t\t\t<div class=\"elementor-widget-container\">\n\t\t\t<p class=\"elementor-heading-title elementor-size-default\">2006, antes de que se inventara Bitcoin<\/p>\t\t<\/div>\n\t\t\t\t<\/div>\n\t\t\t\t\t\t<\/div>\n\t\t\t\t\t<\/div>\n\t\t<\/div>\n\t\t\t\t\t\t\t\t<\/div>\n\t\t\t\t\t<\/div>\n\t\t<\/section>\n\t\t\t\t\t\t\t\t\t<\/div>\n\t\t\t<\/div>\n\t\t\t\t\t<\/div>","protected":false},"excerpt":{"rendered":"<p>Web3\/Blockchain Technology Lawyers who understand As a part of Padilla Law\u2019s commitment to helping entrepreneurs in new technologies, we offer experience and practical advice for those in the cutting-edge industries of blockchain technologies and cryptocurrency projects. We know that you need someone that understands what you are trying to do and offer advice with speed [&hellip;]<\/p>","protected":false},"author":1,"featured_media":0,"parent":0,"menu_order":0,"comment_status":"closed","ping_status":"closed","template":"elementor_header_footer","meta":{"footnotes":""},"yoast_head":"<!-- This site is optimized with the Yoast SEO plugin v22.7 - https:\/\/yoast.com\/wordpress\/plugins\/seo\/ -->\n<title>Cryptocurrency and Blockchain Technology - Padilla Law<\/title>\n<meta name=\"description\" content=\"One-of-a-kind lawyer expert services for blockchain technologies and cryptocurrency projects in USA\" \/>\n<meta name=\"robots\" content=\"index, follow, max-snippet:-1, max-image-preview:large, max-video-preview:-1\" \/>\n<link rel=\"canonical\" href=\"https:\/\/padilla.law\/es\/crypto\/\" \/>\n<meta property=\"og:locale\" content=\"es_MX\" \/>\n<meta property=\"og:type\" content=\"article\" \/>\n<meta property=\"og:title\" content=\"Cryptocurrency and Blockchain Technology - Padilla Law\" \/>\n<meta property=\"og:description\" content=\"One-of-a-kind lawyer expert services for blockchain technologies and cryptocurrency projects in USA\" \/>\n<meta property=\"og:url\" content=\"https:\/\/padilla.law\/es\/crypto\/\" \/>\n<meta property=\"og:site_name\" content=\"Padilla Law\" \/>\n<meta property=\"article:publisher\" content=\"https:\/\/www.facebook.com\/padillalawyer\" \/>\n<meta property=\"article:modified_time\" content=\"2023-04-12T09:01:21+00:00\" \/>\n<meta property=\"og:image\" content=\"http:\/\/padilla.law\/wp-content\/uploads\/elementor\/thumbs\/quantitatives-FivSzd2O1Uw-unsplash-pms5oadig8qj39ymb14507vp1airxkzo4dp5p4yjkw.jpeg\" \/>\n<meta name=\"twitter:card\" content=\"summary_large_image\" \/>\n<meta name=\"twitter:label1\" content=\"Tiempo de lectura\" \/>\n\t<meta name=\"twitter:data1\" content=\"1 minuto\" \/>\n<script type=\"application\/ld+json\" class=\"yoast-schema-graph\">{\"@context\":\"https:\/\/schema.org\",\"@graph\":[{\"@type\":\"WebPage\",\"@id\":\"https:\/\/padilla.law\/crypto\/\",\"url\":\"https:\/\/padilla.law\/crypto\/\",\"name\":\"Cryptocurrency and Blockchain Technology - Padilla Law\",\"isPartOf\":{\"@id\":\"https:\/\/padilla.law\/#website\"},\"primaryImageOfPage\":{\"@id\":\"https:\/\/padilla.law\/crypto\/#primaryimage\"},\"image\":{\"@id\":\"https:\/\/padilla.law\/crypto\/#primaryimage\"},\"thumbnailUrl\":\"http:\/\/padilla.law\/wp-content\/uploads\/elementor\/thumbs\/quantitatives-FivSzd2O1Uw-unsplash-pms5oadig8qj39ymb14507vp1airxkzo4dp5p4yjkw.jpeg\",\"datePublished\":\"2022-04-02T16:51:33+00:00\",\"dateModified\":\"2023-04-12T09:01:21+00:00\",\"description\":\"One-of-a-kind lawyer expert services for blockchain technologies and cryptocurrency projects in USA\",\"breadcrumb\":{\"@id\":\"https:\/\/padilla.law\/crypto\/#breadcrumb\"},\"inLanguage\":\"es\",\"potentialAction\":[{\"@type\":\"ReadAction\",\"target\":[\"https:\/\/padilla.law\/crypto\/\"]}]},{\"@type\":\"ImageObject\",\"inLanguage\":\"es\",\"@id\":\"https:\/\/padilla.law\/crypto\/#primaryimage\",\"url\":\"http:\/\/padilla.law\/wp-content\/uploads\/elementor\/thumbs\/quantitatives-FivSzd2O1Uw-unsplash-pms5oadig8qj39ymb14507vp1airxkzo4dp5p4yjkw.jpeg\",\"contentUrl\":\"http:\/\/padilla.law\/wp-content\/uploads\/elementor\/thumbs\/quantitatives-FivSzd2O1Uw-unsplash-pms5oadig8qj39ymb14507vp1airxkzo4dp5p4yjkw.jpeg\"},{\"@type\":\"BreadcrumbList\",\"@id\":\"https:\/\/padilla.law\/crypto\/#breadcrumb\",\"itemListElement\":[{\"@type\":\"ListItem\",\"position\":1,\"name\":\"Home\",\"item\":\"https:\/\/padilla.law\/\"},{\"@type\":\"ListItem\",\"position\":2,\"name\":\"Cryptocurrency and Blockchain Technology\"}]},{\"@type\":\"WebSite\",\"@id\":\"https:\/\/padilla.law\/#website\",\"url\":\"https:\/\/padilla.law\/\",\"name\":\"Padilla Law\",\"description\":\"One-of-a-kind Corporate Lawyer\",\"publisher\":{\"@id\":\"https:\/\/padilla.law\/#organization\"},\"potentialAction\":[{\"@type\":\"SearchAction\",\"target\":{\"@type\":\"EntryPoint\",\"urlTemplate\":\"https:\/\/padilla.law\/?s={search_term_string}\"},\"query-input\":\"required name=search_term_string\"}],\"inLanguage\":\"es\"},{\"@type\":\"Organization\",\"@id\":\"https:\/\/padilla.law\/#organization\",\"name\":\"Padilla Law\",\"url\":\"https:\/\/padilla.law\/\",\"logo\":{\"@type\":\"ImageObject\",\"inLanguage\":\"es\",\"@id\":\"https:\/\/padilla.law\/#\/schema\/logo\/image\/\",\"url\":\"http:\/\/padilla.law\/wp-content\/uploads\/2020\/05\/cropped-Padilla-Law-logo3767.jpg\",\"contentUrl\":\"http:\/\/padilla.law\/wp-content\/uploads\/2020\/05\/cropped-Padilla-Law-logo3767.jpg\",\"width\":650,\"height\":185,\"caption\":\"Padilla Law\"},\"image\":{\"@id\":\"https:\/\/padilla.law\/#\/schema\/logo\/image\/\"},\"sameAs\":[\"https:\/\/www.facebook.com\/padillalawyer\",\"https:\/\/www.linkedin.com\/company\/padillalaw\"]}]}<\/script>\n<!-- \/ Yoast SEO plugin. -->","yoast_head_json":{"title":"Cryptocurrency and Blockchain Technology - Padilla Law","description":"One-of-a-kind lawyer expert services for blockchain technologies and cryptocurrency projects in USA","robots":{"index":"index","follow":"follow","max-snippet":"max-snippet:-1","max-image-preview":"max-image-preview:large","max-video-preview":"max-video-preview:-1"},"canonical":"https:\/\/padilla.law\/es\/crypto\/","og_locale":"es_MX","og_type":"article","og_title":"Cryptocurrency and Blockchain Technology - Padilla Law","og_description":"One-of-a-kind lawyer expert services for blockchain technologies and cryptocurrency projects in USA","og_url":"https:\/\/padilla.law\/es\/crypto\/","og_site_name":"Padilla Law","article_publisher":"https:\/\/www.facebook.com\/padillalawyer","article_modified_time":"2023-04-12T09:01:21+00:00","og_image":[{"url":"http:\/\/padilla.law\/wp-content\/uploads\/elementor\/thumbs\/quantitatives-FivSzd2O1Uw-unsplash-pms5oadig8qj39ymb14507vp1airxkzo4dp5p4yjkw.jpeg"}],"twitter_card":"summary_large_image","twitter_misc":{"Tiempo de lectura":"1 minuto"},"schema":{"@context":"https:\/\/schema.org","@graph":[{"@type":"WebPage","@id":"https:\/\/padilla.law\/crypto\/","url":"https:\/\/padilla.law\/crypto\/","name":"Cryptocurrency and Blockchain Technology - Padilla Law","isPartOf":{"@id":"https:\/\/padilla.law\/#website"},"primaryImageOfPage":{"@id":"https:\/\/padilla.law\/crypto\/#primaryimage"},"image":{"@id":"https:\/\/padilla.law\/crypto\/#primaryimage"},"thumbnailUrl":"http:\/\/padilla.law\/wp-content\/uploads\/elementor\/thumbs\/quantitatives-FivSzd2O1Uw-unsplash-pms5oadig8qj39ymb14507vp1airxkzo4dp5p4yjkw.jpeg","datePublished":"2022-04-02T16:51:33+00:00","dateModified":"2023-04-12T09:01:21+00:00","description":"One-of-a-kind lawyer expert services for blockchain technologies and cryptocurrency projects in USA","breadcrumb":{"@id":"https:\/\/padilla.law\/crypto\/#breadcrumb"},"inLanguage":"es","potentialAction":[{"@type":"ReadAction","target":["https:\/\/padilla.law\/crypto\/"]}]},{"@type":"ImageObject","inLanguage":"es","@id":"https:\/\/padilla.law\/crypto\/#primaryimage","url":"http:\/\/padilla.law\/wp-content\/uploads\/elementor\/thumbs\/quantitatives-FivSzd2O1Uw-unsplash-pms5oadig8qj39ymb14507vp1airxkzo4dp5p4yjkw.jpeg","contentUrl":"http:\/\/padilla.law\/wp-content\/uploads\/elementor\/thumbs\/quantitatives-FivSzd2O1Uw-unsplash-pms5oadig8qj39ymb14507vp1airxkzo4dp5p4yjkw.jpeg"},{"@type":"BreadcrumbList","@id":"https:\/\/padilla.law\/crypto\/#breadcrumb","itemListElement":[{"@type":"ListItem","position":1,"name":"Home","item":"https:\/\/padilla.law\/"},{"@type":"ListItem","position":2,"name":"Cryptocurrency and Blockchain Technology"}]},{"@type":"WebSite","@id":"https:\/\/padilla.law\/#website","url":"https:\/\/padilla.law\/","name":"Padilla Law","description":"One-of-a-kind Corporate Lawyer","publisher":{"@id":"https:\/\/padilla.law\/#organization"},"potentialAction":[{"@type":"SearchAction","target":{"@type":"EntryPoint","urlTemplate":"https:\/\/padilla.law\/?s={search_term_string}"},"query-input":"required name=search_term_string"}],"inLanguage":"es"},{"@type":"Organization","@id":"https:\/\/padilla.law\/#organization","name":"Padilla Law","url":"https:\/\/padilla.law\/","logo":{"@type":"ImageObject","inLanguage":"es","@id":"https:\/\/padilla.law\/#\/schema\/logo\/image\/","url":"http:\/\/padilla.law\/wp-content\/uploads\/2020\/05\/cropped-Padilla-Law-logo3767.jpg","contentUrl":"http:\/\/padilla.law\/wp-content\/uploads\/2020\/05\/cropped-Padilla-Law-logo3767.jpg","width":650,"height":185,"caption":"Padilla Law"},"image":{"@id":"https:\/\/padilla.law\/#\/schema\/logo\/image\/"},"sameAs":["https:\/\/www.facebook.com\/padillalawyer","https:\/\/www.linkedin.com\/company\/padillalaw"]}]}},"_links":{"self":[{"href":"https:\/\/padilla.law\/es\/wp-json\/wp\/v2\/pages\/1058"}],"collection":[{"href":"https:\/\/padilla.law\/es\/wp-json\/wp\/v2\/pages"}],"about":[{"href":"https:\/\/padilla.law\/es\/wp-json\/wp\/v2\/types\/page"}],"author":[{"embeddable":true,"href":"https:\/\/padilla.law\/es\/wp-json\/wp\/v2\/users\/1"}],"replies":[{"embeddable":true,"href":"https:\/\/padilla.law\/es\/wp-json\/wp\/v2\/comments?post=1058"}],"version-history":[{"count":27,"href":"https:\/\/padilla.law\/es\/wp-json\/wp\/v2\/pages\/1058\/revisions"}],"predecessor-version":[{"id":1360,"href":"https:\/\/padilla.law\/es\/wp-json\/wp\/v2\/pages\/1058\/revisions\/1360"}],"wp:attachment":[{"href":"https:\/\/padilla.law\/es\/wp-json\/wp\/v2\/media?parent=1058"}],"curies":[{"name":"wp","href":"https:\/\/api.w.org\/{rel}","templated":true}]}}