{"id":1096,"date":"2022-04-04T20:56:27","date_gmt":"2022-04-04T17:56:27","guid":{"rendered":"http:\/\/padilla.law\/?page_id=1096"},"modified":"2025-05-02T16:59:26","modified_gmt":"2025-05-02T13:59:26","slug":"venture-capital","status":"publish","type":"page","link":"https:\/\/padilla.law\/es\/venture-capital\/","title":{"rendered":"Capital de Riesgo\u00a0"},"content":{"rendered":"<div data-elementor-type=\"wp-page\" data-elementor-id=\"1096\" class=\"elementor elementor-1096\">\n\t\t\t\t\t\t<div class=\"elementor-inner\">\n\t\t\t\t<div class=\"elementor-section-wrap\">\n\t\t\t\t\t\t\t\t\t<section class=\"elementor-section elementor-top-section elementor-element elementor-element-b218ab4 elementor-section-boxed elementor-section-height-default elementor-section-height-default\" data-id=\"b218ab4\" data-element_type=\"section\" data-settings=\"{&quot;background_background&quot;:&quot;classic&quot;}\">\n\t\t\t\t\t\t\t<div class=\"elementor-background-overlay\"><\/div>\n\t\t\t\t\t\t\t<div class=\"elementor-container elementor-column-gap-default\">\n\t\t\t\t\t\t\t<div class=\"elementor-row\">\n\t\t\t\t\t<div class=\"elementor-column elementor-col-100 elementor-top-column elementor-element elementor-element-9d5ac24\" data-id=\"9d5ac24\" data-element_type=\"column\">\n\t\t\t<div class=\"elementor-column-wrap elementor-element-populated\">\n\t\t\t\t\t\t\t<div class=\"elementor-widget-wrap\">\n\t\t\t\t\t\t<div class=\"elementor-element elementor-element-ec678d8 elementor-widget elementor-widget-heading\" data-id=\"ec678d8\" data-element_type=\"widget\" data-widget_type=\"heading.default\">\n\t\t\t\t<div class=\"elementor-widget-container\">\n\t\t\t<h1 class=\"elementor-heading-title elementor-size-default\">Capital de Riesgo <\/h1>\t\t<\/div>\n\t\t\t\t<\/div>\n\t\t\t\t<div class=\"elementor-element elementor-element-fb54731 elementor-align-left elementor-widget__width-initial elementor-fixed elementor-hidden-tablet elementor-hidden-phone elementor-widget elementor-widget-button\" data-id=\"fb54731\" data-element_type=\"widget\" data-settings=\"{&quot;_position&quot;:&quot;fixed&quot;}\" data-widget_type=\"button.default\">\n\t\t\t\t<div class=\"elementor-widget-container\">\n\t\t\t\t\t<div class=\"elementor-button-wrapper\">\n\t\t\t<a href=\"#elementor-action:action=popup:open&settings=eyJpZCI6IjgwMSIsInRvZ2dsZSI6ZmFsc2V9\" class=\"elementor-button-link elementor-button elementor-size-md elementor-animation-bob\" role=\"button\">\n\t\t\t\t\t\t<span class=\"elementor-button-content-wrapper\">\n\t\t\t\t\t\t\t<span class=\"elementor-button-icon elementor-align-icon-left\">\n\t\t\t\t<i aria-hidden=\"true\" class=\"fas fa-envelope\"><\/i>\t\t\t<\/span>\n\t\t\t\t\t\t<span class=\"elementor-button-text\"><\/span>\n\t\t<\/span>\n\t\t\t\t\t<\/a>\n\t\t<\/div>\n\t\t\t\t<\/div>\n\t\t\t\t<\/div>\n\t\t\t\t<div class=\"elementor-element elementor-element-b72ec14 elementor-align-left elementor-widget__width-initial elementor-fixed elementor-hidden-phone elementor-widget elementor-widget-button\" data-id=\"b72ec14\" data-element_type=\"widget\" data-settings=\"{&quot;_position&quot;:&quot;fixed&quot;}\" data-widget_type=\"button.default\">\n\t\t\t\t<div class=\"elementor-widget-container\">\n\t\t\t\t\t<div class=\"elementor-button-wrapper\">\n\t\t\t<a href=\"#top\" class=\"elementor-button-link elementor-button elementor-size-md elementor-animation-bob\" role=\"button\">\n\t\t\t\t\t\t<span class=\"elementor-button-content-wrapper\">\n\t\t\t\t\t\t\t<span class=\"elementor-button-icon elementor-align-icon-left\">\n\t\t\t\t<i aria-hidden=\"true\" class=\"fas fa-angle-up\"><\/i>\t\t\t<\/span>\n\t\t\t\t\t\t<span class=\"elementor-button-text\"><\/span>\n\t\t<\/span>\n\t\t\t\t\t<\/a>\n\t\t<\/div>\n\t\t\t\t<\/div>\n\t\t\t\t<\/div>\n\t\t\t\t\t\t<\/div>\n\t\t\t\t\t<\/div>\n\t\t<\/div>\n\t\t\t\t\t\t\t\t<\/div>\n\t\t\t\t\t<\/div>\n\t\t<\/section>\n\t\t\t\t<section class=\"elementor-section elementor-top-section elementor-element elementor-element-f03164f elementor-section-boxed elementor-section-height-default elementor-section-height-default\" data-id=\"f03164f\" data-element_type=\"section\" data-settings=\"{&quot;background_background&quot;:&quot;classic&quot;}\">\n\t\t\t\t\t\t<div class=\"elementor-container elementor-column-gap-default\">\n\t\t\t\t\t\t\t<div class=\"elementor-row\">\n\t\t\t\t\t<div class=\"elementor-column elementor-col-50 elementor-top-column elementor-element elementor-element-28c902f\" data-id=\"28c902f\" data-element_type=\"column\">\n\t\t\t<div class=\"elementor-column-wrap elementor-element-populated\">\n\t\t\t\t\t\t\t<div class=\"elementor-widget-wrap\">\n\t\t\t\t\t\t<div class=\"elementor-element elementor-element-2a2dc1e elementor-widget elementor-widget-heading\" data-id=\"2a2dc1e\" data-element_type=\"widget\" data-widget_type=\"heading.default\">\n\t\t\t\t<div class=\"elementor-widget-container\">\n\t\t\t<h3 class=\"elementor-heading-title elementor-size-default\">ABOGADOS QUE TRABAJAN A LARGO PLAZO<\/h3>\t\t<\/div>\n\t\t\t\t<\/div>\n\t\t\t\t<div class=\"elementor-element elementor-element-1b5cea3 elementor-widget elementor-widget-text-editor\" data-id=\"1b5cea3\" data-element_type=\"widget\" data-widget_type=\"text-editor.default\">\n\t\t\t\t<div class=\"elementor-widget-container\">\n\t\t\t\t\t\t\t\t<div class=\"elementor-text-editor elementor-clearfix\">\n\t\t\t\t<p>Nuestro fundador comenz\u00f3 a trabajar en capital de riesgo hace m\u00e1s de 20 a\u00f1os. Nos encanta colaborar con emprendedores y aquellos que invierten en ellos.\u00a0<\/p><p>Nuestro equipo trabaja con fondos de capital de riesgo, inversores \u00e1ngeles y empresas emergentes en todos los aspectos del ciclo de vida del capital de riesgo. Tenemos una amplia experiencia en inversiones, desde pr\u00e9stamos familiares iniciales hasta SAFEs, notas convertibles y financiamientos de acciones preferentes. Sabemos que la recaudaci\u00f3n de fondos es un proceso a largo plazo, por lo que trabajamos arduamente para ganarnos su confianza una y otra vez.<\/p><p>No nos limitamos a las financiaciones. Ayudamos a las empresas emergentes a garantizar su \u00e9xito con acuerdos relacionados con empleados, t\u00e9rminos de servicio del sitio web, revisi\u00f3n de contratos y otros asesoramientos legales, ya que nuestro objetivo es construir relaciones a largo plazo con cada uno de nuestros clientes.<\/p><p>Es importante destacar que hacemos todo esto a tarifas razonables o tarifas fijas bajas (consulte nuestra oferta especial de incorporaci\u00f3n en Delaware).\u00a0<\/p>\t\t\t\t\t<\/div>\n\t\t\t\t\t\t<\/div>\n\t\t\t\t<\/div>\n\t\t\t\t<div class=\"elementor-element elementor-element-2eca9ec elementor-widget__width-initial elementor-widget elementor-widget-counter\" data-id=\"2eca9ec\" data-element_type=\"widget\" data-widget_type=\"counter.default\">\n\t\t\t\t<div class=\"elementor-widget-container\">\n\t\t\t\t\t<div class=\"elementor-counter\">\n\t\t\t<div class=\"elementor-counter-number-wrapper\">\n\t\t\t\t<span class=\"elementor-counter-number-prefix\"><\/span>\n\t\t\t\t<span class=\"elementor-counter-number\" data-duration=\"2000\" data-to-value=\"165\" data-from-value=\"0\" data-delimiter=\",\">0<\/span>\n\t\t\t\t<span class=\"elementor-counter-number-suffix\"><\/span>\n\t\t\t<\/div>\n\t\t\t\t\t\t\t<div class=\"elementor-counter-title\">Cierres de capital de riesgo desde el 2019<\/div>\n\t\t\t\t\t<\/div>\n\t\t\t\t<\/div>\n\t\t\t\t<\/div>\n\t\t\t\t<div class=\"elementor-element elementor-element-88b9720 elementor-widget__width-initial elementor-widget elementor-widget-counter\" data-id=\"88b9720\" data-element_type=\"widget\" data-widget_type=\"counter.default\">\n\t\t\t\t<div class=\"elementor-widget-container\">\n\t\t\t\t\t<div class=\"elementor-counter\">\n\t\t\t<div class=\"elementor-counter-number-wrapper\">\n\t\t\t\t<span class=\"elementor-counter-number-prefix\">$<\/span>\n\t\t\t\t<span class=\"elementor-counter-number\" data-duration=\"3000\" data-to-value=\"1.07\" data-from-value=\"0\" data-delimiter=\",\">0<\/span>\n\t\t\t\t<span class=\"elementor-counter-number-suffix\"> <span style=\"font-size:60%\">billion<\/span><\/span>\n\t\t\t<\/div>\n\t\t\t\t\t\t\t<div class=\"elementor-counter-title\">Invertidos en dichos cierres<\/div>\n\t\t\t\t\t<\/div>\n\t\t\t\t<\/div>\n\t\t\t\t<\/div>\n\t\t\t\t\t\t<\/div>\n\t\t\t\t\t<\/div>\n\t\t<\/div>\n\t\t\t\t<div class=\"elementor-column elementor-col-50 elementor-top-column elementor-element elementor-element-eb5aa24\" data-id=\"eb5aa24\" data-element_type=\"column\" data-settings=\"{&quot;background_background&quot;:&quot;classic&quot;}\">\n\t\t\t<div class=\"elementor-column-wrap elementor-element-populated\">\n\t\t\t\t\t\t\t<div class=\"elementor-widget-wrap\">\n\t\t\t\t\t\t<div class=\"elementor-element elementor-element-b886490 elementor-widget elementor-widget-image\" data-id=\"b886490\" data-element_type=\"widget\" data-widget_type=\"image.default\">\n\t\t\t\t<div class=\"elementor-widget-container\">\n\t\t\t\t\t\t\t\t<div class=\"elementor-image\">\n\t\t\t\t\t\t\t\t\t\t\t\t<img decoding=\"async\" src=\"https:\/\/padilla.law\/wp-content\/uploads\/elementor\/thumbs\/jorge-salvador-nipcvQiBCRs-unsplash-qrhaa8j50my70dpxjf8md9aluo503eyqaq8ev4p954.jpeg\" title=\"jorge-salvador-nipcvQiBCRs-unsplash\" alt=\"jorge-salvador-nipcvQiBCRs-unsplash\" \/>\t\t\t\t\t\t\t\t\t\t\t\t\t\t<\/div>\n\t\t\t\t\t\t<\/div>\n\t\t\t\t<\/div>\n\t\t\t\t<div class=\"elementor-element elementor-element-e706b16 elementor-blockquote--skin-quotation elementor-blockquote--align-left elementor-blockquote--button-color-official elementor-widget elementor-widget-blockquote\" data-id=\"e706b16\" data-element_type=\"widget\" data-widget_type=\"blockquote.default\">\n\t\t\t\t<div class=\"elementor-widget-container\">\n\t\t\t\t\t<blockquote class=\"elementor-blockquote\">\n\t\t\t<p class=\"elementor-blockquote__content\">\n\t\t\t\t\"Aunque vayas por el buen camino, te atropellar\u00e1n si te quedas a\nh\u00ed sentado.\"\t\t\t<\/p>\n\t\t\t\t\t\t\t<footer>\n\t\t\t\t\t\t\t\t\t\t\t<cite class=\"elementor-blockquote__author\">Will Rogers<\/cite>\n\t\t\t\t\t\t\t\t\t\t\t\t\t\t<\/footer>\n\t\t\t\t\t<\/blockquote>\n\t\t\t\t<\/div>\n\t\t\t\t<\/div>\n\t\t\t\t\t\t<\/div>\n\t\t\t\t\t<\/div>\n\t\t<\/div>\n\t\t\t\t\t\t\t\t<\/div>\n\t\t\t\t\t<\/div>\n\t\t<\/section>\n\t\t\t\t\t\t\t\t\t<\/div>\n\t\t\t<\/div>\n\t\t\t\t\t<\/div>","protected":false},"excerpt":{"rendered":"<p>Venture Capital Lawyers Working For The Long-Term Our founder began working in venture capital over 20+ years ago.\u00a0 We love working with entrepreneurs and those that invest in them.\u00a0 Our team works with venture capital funds, angel investors, and startup companies in all aspects of the venture capital life cycle.\u00a0 We have extensive experience in [&hellip;]<\/p>","protected":false},"author":1,"featured_media":0,"parent":0,"menu_order":0,"comment_status":"closed","ping_status":"closed","template":"elementor_header_footer","meta":{"footnotes":""},"yoast_head":"<!-- This site is optimized with the Yoast SEO plugin v22.7 - https:\/\/yoast.com\/wordpress\/plugins\/seo\/ -->\n<title>Venture Capital\u00a0 - Padilla Law<\/title>\n<meta name=\"robots\" content=\"index, follow, max-snippet:-1, max-image-preview:large, max-video-preview:-1\" \/>\n<link rel=\"canonical\" href=\"https:\/\/padilla.law\/es\/venture-capital\/\" \/>\n<meta property=\"og:locale\" content=\"es_MX\" \/>\n<meta property=\"og:type\" content=\"article\" \/>\n<meta property=\"og:title\" content=\"Venture Capital\u00a0 - Padilla Law\" \/>\n<meta property=\"og:description\" content=\"Venture Capital Lawyers Working For The Long-Term Our founder began working in venture capital over 20+ years ago.\u00a0 We love working with entrepreneurs and those that invest in them.\u00a0 Our team works with venture capital funds, angel investors, and startup companies in all aspects of the venture capital life cycle.\u00a0 We have extensive experience in [&hellip;]\" \/>\n<meta property=\"og:url\" content=\"https:\/\/padilla.law\/es\/venture-capital\/\" \/>\n<meta property=\"og:site_name\" content=\"Padilla Law\" \/>\n<meta property=\"article:publisher\" content=\"https:\/\/www.facebook.com\/padillalawyer\" \/>\n<meta property=\"article:modified_time\" content=\"2025-05-02T13:59:26+00:00\" \/>\n<meta property=\"og:image\" content=\"https:\/\/padilla.law\/wp-content\/uploads\/elementor\/thumbs\/jorge-salvador-nipcvQiBCRs-unsplash-qrhaa8j50my70dpxjf8md9aluo503eyqaq8eu4z8ug.jpeg\" \/>\n<meta name=\"twitter:card\" content=\"summary_large_image\" \/>\n<meta name=\"twitter:label1\" content=\"Tiempo de lectura\" \/>\n\t<meta name=\"twitter:data1\" content=\"1 minuto\" \/>\n<script type=\"application\/ld+json\" class=\"yoast-schema-graph\">{\"@context\":\"https:\/\/schema.org\",\"@graph\":[{\"@type\":\"WebPage\",\"@id\":\"https:\/\/padilla.law\/venture-capital\/\",\"url\":\"https:\/\/padilla.law\/venture-capital\/\",\"name\":\"Venture Capital\u00a0 - Padilla Law\",\"isPartOf\":{\"@id\":\"https:\/\/padilla.law\/#website\"},\"primaryImageOfPage\":{\"@id\":\"https:\/\/padilla.law\/venture-capital\/#primaryimage\"},\"image\":{\"@id\":\"https:\/\/padilla.law\/venture-capital\/#primaryimage\"},\"thumbnailUrl\":\"https:\/\/padilla.law\/wp-content\/uploads\/elementor\/thumbs\/jorge-salvador-nipcvQiBCRs-unsplash-qrhaa8j50my70dpxjf8md9aluo503eyqaq8eu4z8ug.jpeg\",\"datePublished\":\"2022-04-04T17:56:27+00:00\",\"dateModified\":\"2025-05-02T13:59:26+00:00\",\"breadcrumb\":{\"@id\":\"https:\/\/padilla.law\/venture-capital\/#breadcrumb\"},\"inLanguage\":\"es\",\"potentialAction\":[{\"@type\":\"ReadAction\",\"target\":[\"https:\/\/padilla.law\/venture-capital\/\"]}]},{\"@type\":\"ImageObject\",\"inLanguage\":\"es\",\"@id\":\"https:\/\/padilla.law\/venture-capital\/#primaryimage\",\"url\":\"https:\/\/padilla.law\/wp-content\/uploads\/elementor\/thumbs\/jorge-salvador-nipcvQiBCRs-unsplash-qrhaa8j50my70dpxjf8md9aluo503eyqaq8eu4z8ug.jpeg\",\"contentUrl\":\"https:\/\/padilla.law\/wp-content\/uploads\/elementor\/thumbs\/jorge-salvador-nipcvQiBCRs-unsplash-qrhaa8j50my70dpxjf8md9aluo503eyqaq8eu4z8ug.jpeg\"},{\"@type\":\"BreadcrumbList\",\"@id\":\"https:\/\/padilla.law\/venture-capital\/#breadcrumb\",\"itemListElement\":[{\"@type\":\"ListItem\",\"position\":1,\"name\":\"Home\",\"item\":\"https:\/\/padilla.law\/\"},{\"@type\":\"ListItem\",\"position\":2,\"name\":\"Venture Capital\u00a0\"}]},{\"@type\":\"WebSite\",\"@id\":\"https:\/\/padilla.law\/#website\",\"url\":\"https:\/\/padilla.law\/\",\"name\":\"Padilla Law\",\"description\":\"One-of-a-kind Corporate Lawyer\",\"publisher\":{\"@id\":\"https:\/\/padilla.law\/#organization\"},\"potentialAction\":[{\"@type\":\"SearchAction\",\"target\":{\"@type\":\"EntryPoint\",\"urlTemplate\":\"https:\/\/padilla.law\/?s={search_term_string}\"},\"query-input\":\"required name=search_term_string\"}],\"inLanguage\":\"es\"},{\"@type\":\"Organization\",\"@id\":\"https:\/\/padilla.law\/#organization\",\"name\":\"Padilla Law\",\"url\":\"https:\/\/padilla.law\/\",\"logo\":{\"@type\":\"ImageObject\",\"inLanguage\":\"es\",\"@id\":\"https:\/\/padilla.law\/#\/schema\/logo\/image\/\",\"url\":\"http:\/\/padilla.law\/wp-content\/uploads\/2020\/05\/cropped-Padilla-Law-logo3767.jpg\",\"contentUrl\":\"http:\/\/padilla.law\/wp-content\/uploads\/2020\/05\/cropped-Padilla-Law-logo3767.jpg\",\"width\":650,\"height\":185,\"caption\":\"Padilla Law\"},\"image\":{\"@id\":\"https:\/\/padilla.law\/#\/schema\/logo\/image\/\"},\"sameAs\":[\"https:\/\/www.facebook.com\/padillalawyer\",\"https:\/\/www.linkedin.com\/company\/padillalaw\"]}]}<\/script>\n<!-- \/ Yoast SEO plugin. -->","yoast_head_json":{"title":"Venture Capital\u00a0 - Padilla Law","robots":{"index":"index","follow":"follow","max-snippet":"max-snippet:-1","max-image-preview":"max-image-preview:large","max-video-preview":"max-video-preview:-1"},"canonical":"https:\/\/padilla.law\/es\/venture-capital\/","og_locale":"es_MX","og_type":"article","og_title":"Venture Capital\u00a0 - Padilla Law","og_description":"Venture Capital Lawyers Working For The Long-Term Our founder began working in venture capital over 20+ years ago.\u00a0 We love working with entrepreneurs and those that invest in them.\u00a0 Our team works with venture capital funds, angel investors, and startup companies in all aspects of the venture capital life cycle.\u00a0 We have extensive experience in [&hellip;]","og_url":"https:\/\/padilla.law\/es\/venture-capital\/","og_site_name":"Padilla Law","article_publisher":"https:\/\/www.facebook.com\/padillalawyer","article_modified_time":"2025-05-02T13:59:26+00:00","og_image":[{"url":"https:\/\/padilla.law\/wp-content\/uploads\/elementor\/thumbs\/jorge-salvador-nipcvQiBCRs-unsplash-qrhaa8j50my70dpxjf8md9aluo503eyqaq8eu4z8ug.jpeg"}],"twitter_card":"summary_large_image","twitter_misc":{"Tiempo de lectura":"1 minuto"},"schema":{"@context":"https:\/\/schema.org","@graph":[{"@type":"WebPage","@id":"https:\/\/padilla.law\/venture-capital\/","url":"https:\/\/padilla.law\/venture-capital\/","name":"Venture Capital\u00a0 - Padilla Law","isPartOf":{"@id":"https:\/\/padilla.law\/#website"},"primaryImageOfPage":{"@id":"https:\/\/padilla.law\/venture-capital\/#primaryimage"},"image":{"@id":"https:\/\/padilla.law\/venture-capital\/#primaryimage"},"thumbnailUrl":"https:\/\/padilla.law\/wp-content\/uploads\/elementor\/thumbs\/jorge-salvador-nipcvQiBCRs-unsplash-qrhaa8j50my70dpxjf8md9aluo503eyqaq8eu4z8ug.jpeg","datePublished":"2022-04-04T17:56:27+00:00","dateModified":"2025-05-02T13:59:26+00:00","breadcrumb":{"@id":"https:\/\/padilla.law\/venture-capital\/#breadcrumb"},"inLanguage":"es","potentialAction":[{"@type":"ReadAction","target":["https:\/\/padilla.law\/venture-capital\/"]}]},{"@type":"ImageObject","inLanguage":"es","@id":"https:\/\/padilla.law\/venture-capital\/#primaryimage","url":"https:\/\/padilla.law\/wp-content\/uploads\/elementor\/thumbs\/jorge-salvador-nipcvQiBCRs-unsplash-qrhaa8j50my70dpxjf8md9aluo503eyqaq8eu4z8ug.jpeg","contentUrl":"https:\/\/padilla.law\/wp-content\/uploads\/elementor\/thumbs\/jorge-salvador-nipcvQiBCRs-unsplash-qrhaa8j50my70dpxjf8md9aluo503eyqaq8eu4z8ug.jpeg"},{"@type":"BreadcrumbList","@id":"https:\/\/padilla.law\/venture-capital\/#breadcrumb","itemListElement":[{"@type":"ListItem","position":1,"name":"Home","item":"https:\/\/padilla.law\/"},{"@type":"ListItem","position":2,"name":"Venture Capital\u00a0"}]},{"@type":"WebSite","@id":"https:\/\/padilla.law\/#website","url":"https:\/\/padilla.law\/","name":"Padilla Law","description":"One-of-a-kind Corporate Lawyer","publisher":{"@id":"https:\/\/padilla.law\/#organization"},"potentialAction":[{"@type":"SearchAction","target":{"@type":"EntryPoint","urlTemplate":"https:\/\/padilla.law\/?s={search_term_string}"},"query-input":"required name=search_term_string"}],"inLanguage":"es"},{"@type":"Organization","@id":"https:\/\/padilla.law\/#organization","name":"Padilla Law","url":"https:\/\/padilla.law\/","logo":{"@type":"ImageObject","inLanguage":"es","@id":"https:\/\/padilla.law\/#\/schema\/logo\/image\/","url":"http:\/\/padilla.law\/wp-content\/uploads\/2020\/05\/cropped-Padilla-Law-logo3767.jpg","contentUrl":"http:\/\/padilla.law\/wp-content\/uploads\/2020\/05\/cropped-Padilla-Law-logo3767.jpg","width":650,"height":185,"caption":"Padilla Law"},"image":{"@id":"https:\/\/padilla.law\/#\/schema\/logo\/image\/"},"sameAs":["https:\/\/www.facebook.com\/padillalawyer","https:\/\/www.linkedin.com\/company\/padillalaw"]}]}},"_links":{"self":[{"href":"https:\/\/padilla.law\/es\/wp-json\/wp\/v2\/pages\/1096"}],"collection":[{"href":"https:\/\/padilla.law\/es\/wp-json\/wp\/v2\/pages"}],"about":[{"href":"https:\/\/padilla.law\/es\/wp-json\/wp\/v2\/types\/page"}],"author":[{"embeddable":true,"href":"https:\/\/padilla.law\/es\/wp-json\/wp\/v2\/users\/1"}],"replies":[{"embeddable":true,"href":"https:\/\/padilla.law\/es\/wp-json\/wp\/v2\/comments?post=1096"}],"version-history":[{"count":13,"href":"https:\/\/padilla.law\/es\/wp-json\/wp\/v2\/pages\/1096\/revisions"}],"predecessor-version":[{"id":1737,"href":"https:\/\/padilla.law\/es\/wp-json\/wp\/v2\/pages\/1096\/revisions\/1737"}],"wp:attachment":[{"href":"https:\/\/padilla.law\/es\/wp-json\/wp\/v2\/media?parent=1096"}],"curies":[{"name":"wp","href":"https:\/\/api.w.org\/{rel}","templated":true}]}}