{"id":124,"date":"2020-05-28T16:44:51","date_gmt":"2020-05-28T13:44:51","guid":{"rendered":"http:\/\/padilla.law\/?page_id=124"},"modified":"2022-12-31T17:49:36","modified_gmt":"2022-12-31T14:49:36","slug":"healthcare","status":"publish","type":"page","link":"https:\/\/padilla.law\/es\/healthcare\/","title":{"rendered":"JMPSTART Healthcare"},"content":{"rendered":"<div data-elementor-type=\"wp-page\" data-elementor-id=\"124\" class=\"elementor elementor-124\">\n\t\t\t\t\t\t<div class=\"elementor-inner\">\n\t\t\t\t<div class=\"elementor-section-wrap\">\n\t\t\t\t\t\t\t\t\t<section class=\"elementor-section elementor-top-section elementor-element elementor-element-3993da30 elementor-section-boxed elementor-section-height-default elementor-section-height-default\" data-id=\"3993da30\" data-element_type=\"section\" data-settings=\"{&quot;background_background&quot;:&quot;classic&quot;}\">\n\t\t\t\t\t\t\t<div class=\"elementor-background-overlay\"><\/div>\n\t\t\t\t\t\t\t<div class=\"elementor-container elementor-column-gap-default\">\n\t\t\t\t\t\t\t<div class=\"elementor-row\">\n\t\t\t\t\t<div class=\"elementor-column elementor-col-100 elementor-top-column elementor-element elementor-element-3702b76f\" data-id=\"3702b76f\" data-element_type=\"column\">\n\t\t\t<div class=\"elementor-column-wrap elementor-element-populated\">\n\t\t\t\t\t\t\t<div class=\"elementor-widget-wrap\">\n\t\t\t\t\t\t<div class=\"elementor-element elementor-element-5bec49bf elementor-widget elementor-widget-heading\" data-id=\"5bec49bf\" data-element_type=\"widget\" data-widget_type=\"heading.default\">\n\t\t\t\t<div class=\"elementor-widget-container\">\n\t\t\t<h2 class=\"elementor-heading-title elementor-size-default\">J<span style=\"font-size: 70%\">MP<\/span>S<span style=\"font-size: 70%\">TART<\/span> Derecho de la Salud <sup style=\"font-size:40%\">\u2122\ufe0f<\/sup><\/h2>\t\t<\/div>\n\t\t\t\t<\/div>\n\t\t\t\t<div class=\"elementor-element elementor-element-4711d45d elementor-widget elementor-widget-heading\" data-id=\"4711d45d\" data-element_type=\"widget\" data-widget_type=\"heading.default\">\n\t\t\t\t<div class=\"elementor-widget-container\">\n\t\t\t<h2 class=\"elementor-heading-title elementor-size-default\">is PADILLA LAW\u2019s program of legal services aimed at healthcare and medical providers.<\/h2>\t\t<\/div>\n\t\t\t\t<\/div>\n\t\t\t\t<div class=\"elementor-element elementor-element-2ab28a5f elementor-align-left elementor-widget__width-initial elementor-fixed elementor-hidden-tablet elementor-hidden-phone elementor-widget elementor-widget-button\" data-id=\"2ab28a5f\" data-element_type=\"widget\" data-settings=\"{&quot;_position&quot;:&quot;fixed&quot;}\" data-widget_type=\"button.default\">\n\t\t\t\t<div class=\"elementor-widget-container\">\n\t\t\t\t\t<div class=\"elementor-button-wrapper\">\n\t\t\t<a href=\"#elementor-action:action=popup:open&settings=eyJpZCI6IjgwMSIsInRvZ2dsZSI6ZmFsc2V9\" class=\"elementor-button-link elementor-button elementor-size-md elementor-animation-bob\" role=\"button\">\n\t\t\t\t\t\t<span class=\"elementor-button-content-wrapper\">\n\t\t\t\t\t\t\t<span class=\"elementor-button-icon elementor-align-icon-left\">\n\t\t\t\t<i aria-hidden=\"true\" class=\"fas fa-envelope\"><\/i>\t\t\t<\/span>\n\t\t\t\t\t\t<span class=\"elementor-button-text\"><\/span>\n\t\t<\/span>\n\t\t\t\t\t<\/a>\n\t\t<\/div>\n\t\t\t\t<\/div>\n\t\t\t\t<\/div>\n\t\t\t\t<div class=\"elementor-element elementor-element-3c0e30ec elementor-align-left elementor-widget__width-initial elementor-fixed elementor-hidden-phone elementor-widget elementor-widget-button\" data-id=\"3c0e30ec\" data-element_type=\"widget\" data-settings=\"{&quot;_position&quot;:&quot;fixed&quot;}\" data-widget_type=\"button.default\">\n\t\t\t\t<div class=\"elementor-widget-container\">\n\t\t\t\t\t<div class=\"elementor-button-wrapper\">\n\t\t\t<a href=\"#top\" class=\"elementor-button-link elementor-button elementor-size-md elementor-animation-bob\" role=\"button\">\n\t\t\t\t\t\t<span class=\"elementor-button-content-wrapper\">\n\t\t\t\t\t\t\t<span class=\"elementor-button-icon elementor-align-icon-left\">\n\t\t\t\t<i aria-hidden=\"true\" class=\"fas fa-angle-up\"><\/i>\t\t\t<\/span>\n\t\t\t\t\t\t<span class=\"elementor-button-text\"><\/span>\n\t\t<\/span>\n\t\t\t\t\t<\/a>\n\t\t<\/div>\n\t\t\t\t<\/div>\n\t\t\t\t<\/div>\n\t\t\t\t\t\t<\/div>\n\t\t\t\t\t<\/div>\n\t\t<\/div>\n\t\t\t\t\t\t\t\t<\/div>\n\t\t\t\t\t<\/div>\n\t\t<\/section>\n\t\t\t\t<section class=\"elementor-section elementor-top-section elementor-element elementor-element-69471e19 elementor-section-boxed elementor-section-height-default elementor-section-height-default\" data-id=\"69471e19\" data-element_type=\"section\" data-settings=\"{&quot;background_background&quot;:&quot;classic&quot;}\">\n\t\t\t\t\t\t<div class=\"elementor-container elementor-column-gap-default\">\n\t\t\t\t\t\t\t<div class=\"elementor-row\">\n\t\t\t\t\t<div class=\"elementor-column elementor-col-50 elementor-top-column elementor-element elementor-element-31915c9f\" data-id=\"31915c9f\" data-element_type=\"column\">\n\t\t\t<div class=\"elementor-column-wrap elementor-element-populated\">\n\t\t\t\t\t\t\t<div class=\"elementor-widget-wrap\">\n\t\t\t\t\t\t<div class=\"elementor-element elementor-element-74648390 elementor-widget elementor-widget-heading\" data-id=\"74648390\" data-element_type=\"widget\" data-widget_type=\"heading.default\">\n\t\t\t\t<div class=\"elementor-widget-container\">\n\t\t\t<h3 class=\"elementor-heading-title elementor-size-default\">La Experiencia que Usted Necesita<\/h3>\t\t<\/div>\n\t\t\t\t<\/div>\n\t\t\t\t<div class=\"elementor-element elementor-element-1780775 elementor-widget elementor-widget-text-editor\" data-id=\"1780775\" data-element_type=\"widget\" data-widget_type=\"text-editor.default\">\n\t\t\t\t<div class=\"elementor-widget-container\">\n\t\t\t\t\t\t\t\t<div class=\"elementor-text-editor elementor-clearfix\">\n\t\t\t\t<p>Si usted es un profesional de la salud y tiene asuntos legales que abordar, el experimentado abogado Jos\u00e9 Padilla, puede propocionarle una representaci\u00f3n eficiente y eficaz.<\/p><p>Jos\u00e9 tiene experiencia proporcionando representaci\u00f3n legal integral a las empresas sanitarias. Nuestro bufete puede propocionarle la orientaci\u00f3n que necesita.<\/p><p>Los siguientes servicios jur\u00eddicos en el \u00e1mbito sanitario requieren experiencia para evitar los numerosos escollos normativos:<\/p>\t\t\t\t\t<\/div>\n\t\t\t\t\t\t<\/div>\n\t\t\t\t<\/div>\n\t\t\t\t<div class=\"elementor-element elementor-element-875b0af elementor-icon-list--layout-traditional elementor-list-item-link-full_width elementor-widget elementor-widget-icon-list\" data-id=\"875b0af\" data-element_type=\"widget\" data-widget_type=\"icon-list.default\">\n\t\t\t\t<div class=\"elementor-widget-container\">\n\t\t\t\t\t<ul class=\"elementor-icon-list-items\">\n\t\t\t\t\t\t\t<li class=\"elementor-icon-list-item\">\n\t\t\t\t\t\t\t\t\t\t\t<span class=\"elementor-icon-list-icon\">\n\t\t\t\t\t\t\t<i aria-hidden=\"true\" class=\"fas fa-check\"><\/i>\t\t\t\t\t\t<\/span>\n\t\t\t\t\t\t\t\t\t\t<span class=\"elementor-icon-list-text\">Arrendamiento de espacios<\/span>\n\t\t\t\t\t\t\t\t\t<\/li>\n\t\t\t\t\t\t\t\t<li class=\"elementor-icon-list-item\">\n\t\t\t\t\t\t\t\t\t\t\t<span class=\"elementor-icon-list-icon\">\n\t\t\t\t\t\t\t<i aria-hidden=\"true\" class=\"fas fa-check\"><\/i>\t\t\t\t\t\t<\/span>\n\t\t\t\t\t\t\t\t\t\t<span class=\"elementor-icon-list-text\">Financiaci\u00f3n de equipos <\/span>\n\t\t\t\t\t\t\t\t\t<\/li>\n\t\t\t\t\t\t\t\t<li class=\"elementor-icon-list-item\">\n\t\t\t\t\t\t\t\t\t\t\t<span class=\"elementor-icon-list-icon\">\n\t\t\t\t\t\t\t<i aria-hidden=\"true\" class=\"fas fa-check\"><\/i>\t\t\t\t\t\t<\/span>\n\t\t\t\t\t\t\t\t\t\t<span class=\"elementor-icon-list-text\">Contratos de trabajo de m\u00e9dicos y personal\ncl\u00ednico<\/span>\n\t\t\t\t\t\t\t\t\t<\/li>\n\t\t\t\t\t\t\t\t<li class=\"elementor-icon-list-item\">\n\t\t\t\t\t\t\t\t\t\t\t<span class=\"elementor-icon-list-icon\">\n\t\t\t\t\t\t\t<i aria-hidden=\"true\" class=\"fas fa-check\"><\/i>\t\t\t\t\t\t<\/span>\n\t\t\t\t\t\t\t\t\t\t<span class=\"elementor-icon-list-text\">Acuerdos de direcci\u00f3n m\u00e9dica<\/span>\n\t\t\t\t\t\t\t\t\t<\/li>\n\t\t\t\t\t\t\t\t<li class=\"elementor-icon-list-item\">\n\t\t\t\t\t\t\t\t\t\t\t<span class=\"elementor-icon-list-icon\">\n\t\t\t\t\t\t\t<i aria-hidden=\"true\" class=\"fas fa-check\"><\/i>\t\t\t\t\t\t<\/span>\n\t\t\t\t\t\t\t\t\t\t<span class=\"elementor-icon-list-text\">Adquisiciones y empresas conjuntas<\/span>\n\t\t\t\t\t\t\t\t\t<\/li>\n\t\t\t\t\t\t\t\t<li class=\"elementor-icon-list-item\">\n\t\t\t\t\t\t\t\t\t\t\t<span class=\"elementor-icon-list-icon\">\n\t\t\t\t\t\t\t<i aria-hidden=\"true\" class=\"fas fa-check\"><\/i>\t\t\t\t\t\t<\/span>\n\t\t\t\t\t\t\t\t\t\t<span class=\"elementor-icon-list-text\">Creaci\u00f3n de consultas m\u00e9dicas<\/span>\n\t\t\t\t\t\t\t\t\t<\/li>\n\t\t\t\t\t\t\t\t<li class=\"elementor-icon-list-item\">\n\t\t\t\t\t\t\t\t\t\t\t<span class=\"elementor-icon-list-icon\">\n\t\t\t\t\t\t\t<i aria-hidden=\"true\" class=\"fas fa-check\"><\/i>\t\t\t\t\t\t<\/span>\n\t\t\t\t\t\t\t\t\t\t<span class=\"elementor-icon-list-text\">Contratos generales, licencias, gobierno corporativo, etc.<\/span>\n\t\t\t\t\t\t\t\t\t<\/li>\n\t\t\t\t\t\t<\/ul>\n\t\t\t\t<\/div>\n\t\t\t\t<\/div>\n\t\t\t\t\t\t<\/div>\n\t\t\t\t\t<\/div>\n\t\t<\/div>\n\t\t\t\t<div class=\"elementor-column elementor-col-50 elementor-top-column elementor-element elementor-element-57b3da6b\" data-id=\"57b3da6b\" data-element_type=\"column\" data-settings=\"{&quot;background_background&quot;:&quot;classic&quot;}\">\n\t\t\t<div class=\"elementor-column-wrap elementor-element-populated\">\n\t\t\t\t\t\t\t<div class=\"elementor-widget-wrap\">\n\t\t\t\t\t\t<div class=\"elementor-element elementor-element-65911bfe elementor-widget elementor-widget-image\" data-id=\"65911bfe\" data-element_type=\"widget\" data-widget_type=\"image.default\">\n\t\t\t\t<div class=\"elementor-widget-container\">\n\t\t\t\t\t\t\t\t<div class=\"elementor-image\">\n\t\t\t\t\t\t\t\t\t\t\t\t<img decoding=\"async\" src=\"https:\/\/padilla.law\/wp-content\/uploads\/elementor\/thumbs\/bill-oxford-8u_2imJaVQs-unsplash-olhhe9s52yiazmlw1c889b9ky1nh74y1oscp60y0k8-qrhaa8j50mxmjsdn7ck5u5glgtostizjp8qku66a3k.jpg\" title=\"bill-oxford-8u_2imJaVQs-unsplash-olhhe9s52yiazmlw1c889b9ky1nh74y1oscp60y0k8\" alt=\"bill-oxford-8u_2imJaVQs-unsplash-olhhe9s52yiazmlw1c889b9ky1nh74y1oscp60y0k8\" \/>\t\t\t\t\t\t\t\t\t\t\t\t\t\t<\/div>\n\t\t\t\t\t\t<\/div>\n\t\t\t\t<\/div>\n\t\t\t\t<div class=\"elementor-element elementor-element-2769b2d elementor-blockquote--skin-quotation elementor-blockquote--align-left elementor-blockquote--button-color-official elementor-widget elementor-widget-blockquote\" data-id=\"2769b2d\" data-element_type=\"widget\" data-widget_type=\"blockquote.default\">\n\t\t\t\t<div class=\"elementor-widget-container\">\n\t\t\t\t\t<blockquote class=\"elementor-blockquote\">\n\t\t\t<p class=\"elementor-blockquote__content\">\n\t\t\t\tHe tenido mis propias historias alarmantes en materia de salud que me impulsaron a ayudar a las empresas de atenci\u00f3n m\u00e9dica a desplazarse a trav\u00e9s de un sistema regulatorio de pagos innecesariamente complejo y, a veces, aparentemente injusto\t\t\t<\/p>\n\t\t\t\t\t\t\t<footer>\n\t\t\t\t\t\t\t\t\t\t\t<cite class=\"elementor-blockquote__author\">Jose M. Padilla<\/cite>\n\t\t\t\t\t\t\t\t\t\t\t\t\t\t<\/footer>\n\t\t\t\t\t<\/blockquote>\n\t\t\t\t<\/div>\n\t\t\t\t<\/div>\n\t\t\t\t\t\t<\/div>\n\t\t\t\t\t<\/div>\n\t\t<\/div>\n\t\t\t\t\t\t\t\t<\/div>\n\t\t\t\t\t<\/div>\n\t\t<\/section>\n\t\t\t\t\t\t\t\t\t<\/div>\n\t\t\t<\/div>\n\t\t\t\t\t<\/div>","protected":false},"excerpt":{"rendered":"<p>JMPSTART Healthcare \u2122\ufe0f is PADILLA LAW\u2019s program of legal services aimed at healthcare and medical providers. The Experience You Need If you are a health care professional and have legal matters to address, the experienced attorney Jos\u00e9 Padilla, can provide you with efficient and effective representation. Jos\u00e9 has experience providing comprehensive legal representation to healthcare [&hellip;]<\/p>","protected":false},"author":1,"featured_media":0,"parent":0,"menu_order":0,"comment_status":"closed","ping_status":"closed","template":"","meta":{"footnotes":""},"yoast_head":"<!-- This site is optimized with the Yoast SEO plugin v22.7 - https:\/\/yoast.com\/wordpress\/plugins\/seo\/ -->\n<title>JMPSTART Healthcare - Padilla Law<\/title>\n<meta name=\"robots\" content=\"index, follow, max-snippet:-1, max-image-preview:large, max-video-preview:-1\" \/>\n<link rel=\"canonical\" href=\"https:\/\/padilla.law\/es\/healthcare\/\" \/>\n<meta property=\"og:locale\" content=\"es_MX\" \/>\n<meta property=\"og:type\" content=\"article\" \/>\n<meta property=\"og:title\" content=\"JMPSTART Healthcare - Padilla Law\" \/>\n<meta property=\"og:description\" content=\"JMPSTART Healthcare \u2122\ufe0f is PADILLA LAW\u2019s program of legal services aimed at healthcare and medical providers. The Experience You Need If you are a health care professional and have legal matters to address, the experienced attorney Jos\u00e9 Padilla, can provide you with efficient and effective representation. Jos\u00e9 has experience providing comprehensive legal representation to healthcare [&hellip;]\" \/>\n<meta property=\"og:url\" content=\"https:\/\/padilla.law\/es\/healthcare\/\" \/>\n<meta property=\"og:site_name\" content=\"Padilla Law\" \/>\n<meta property=\"article:publisher\" content=\"https:\/\/www.facebook.com\/padillalawyer\" \/>\n<meta property=\"article:modified_time\" content=\"2022-12-31T14:49:36+00:00\" \/>\n<meta property=\"og:image\" content=\"http:\/\/padilla.law\/wp-content\/uploads\/elementor\/thumbs\/bill-oxford-8u_2imJaVQs-unsplash-olhhe9s52yiazmlw1c889b9ky1nh74y1oscp60y0k8-ov2s23gu05s6curj8me8bvnygu735fvztjd3dg82ow.jpg\" \/>\n<meta name=\"twitter:card\" content=\"summary_large_image\" \/>\n<meta name=\"twitter:label1\" content=\"Tiempo de lectura\" \/>\n\t<meta name=\"twitter:data1\" content=\"1 minuto\" \/>\n<script type=\"application\/ld+json\" class=\"yoast-schema-graph\">{\"@context\":\"https:\/\/schema.org\",\"@graph\":[{\"@type\":\"WebPage\",\"@id\":\"https:\/\/padilla.law\/healthcare\/\",\"url\":\"https:\/\/padilla.law\/healthcare\/\",\"name\":\"JMPSTART Healthcare - Padilla Law\",\"isPartOf\":{\"@id\":\"https:\/\/padilla.law\/#website\"},\"primaryImageOfPage\":{\"@id\":\"https:\/\/padilla.law\/healthcare\/#primaryimage\"},\"image\":{\"@id\":\"https:\/\/padilla.law\/healthcare\/#primaryimage\"},\"thumbnailUrl\":\"http:\/\/padilla.law\/wp-content\/uploads\/elementor\/thumbs\/bill-oxford-8u_2imJaVQs-unsplash-olhhe9s52yiazmlw1c889b9ky1nh74y1oscp60y0k8-ov2s23gu05s6curj8me8bvnygu735fvztjd3dg82ow.jpg\",\"datePublished\":\"2020-05-28T13:44:51+00:00\",\"dateModified\":\"2022-12-31T14:49:36+00:00\",\"breadcrumb\":{\"@id\":\"https:\/\/padilla.law\/healthcare\/#breadcrumb\"},\"inLanguage\":\"es\",\"potentialAction\":[{\"@type\":\"ReadAction\",\"target\":[\"https:\/\/padilla.law\/healthcare\/\"]}]},{\"@type\":\"ImageObject\",\"inLanguage\":\"es\",\"@id\":\"https:\/\/padilla.law\/healthcare\/#primaryimage\",\"url\":\"http:\/\/padilla.law\/wp-content\/uploads\/elementor\/thumbs\/bill-oxford-8u_2imJaVQs-unsplash-olhhe9s52yiazmlw1c889b9ky1nh74y1oscp60y0k8-ov2s23gu05s6curj8me8bvnygu735fvztjd3dg82ow.jpg\",\"contentUrl\":\"http:\/\/padilla.law\/wp-content\/uploads\/elementor\/thumbs\/bill-oxford-8u_2imJaVQs-unsplash-olhhe9s52yiazmlw1c889b9ky1nh74y1oscp60y0k8-ov2s23gu05s6curj8me8bvnygu735fvztjd3dg82ow.jpg\"},{\"@type\":\"BreadcrumbList\",\"@id\":\"https:\/\/padilla.law\/healthcare\/#breadcrumb\",\"itemListElement\":[{\"@type\":\"ListItem\",\"position\":1,\"name\":\"Home\",\"item\":\"https:\/\/padilla.law\/\"},{\"@type\":\"ListItem\",\"position\":2,\"name\":\"JMPSTART Healthcare\"}]},{\"@type\":\"WebSite\",\"@id\":\"https:\/\/padilla.law\/#website\",\"url\":\"https:\/\/padilla.law\/\",\"name\":\"Padilla Law\",\"description\":\"One-of-a-kind Corporate Lawyer\",\"publisher\":{\"@id\":\"https:\/\/padilla.law\/#organization\"},\"potentialAction\":[{\"@type\":\"SearchAction\",\"target\":{\"@type\":\"EntryPoint\",\"urlTemplate\":\"https:\/\/padilla.law\/?s={search_term_string}\"},\"query-input\":\"required name=search_term_string\"}],\"inLanguage\":\"es\"},{\"@type\":\"Organization\",\"@id\":\"https:\/\/padilla.law\/#organization\",\"name\":\"Padilla Law\",\"url\":\"https:\/\/padilla.law\/\",\"logo\":{\"@type\":\"ImageObject\",\"inLanguage\":\"es\",\"@id\":\"https:\/\/padilla.law\/#\/schema\/logo\/image\/\",\"url\":\"http:\/\/padilla.law\/wp-content\/uploads\/2020\/05\/cropped-Padilla-Law-logo3767.jpg\",\"contentUrl\":\"http:\/\/padilla.law\/wp-content\/uploads\/2020\/05\/cropped-Padilla-Law-logo3767.jpg\",\"width\":650,\"height\":185,\"caption\":\"Padilla Law\"},\"image\":{\"@id\":\"https:\/\/padilla.law\/#\/schema\/logo\/image\/\"},\"sameAs\":[\"https:\/\/www.facebook.com\/padillalawyer\",\"https:\/\/www.linkedin.com\/company\/padillalaw\"]}]}<\/script>\n<!-- \/ Yoast SEO plugin. -->","yoast_head_json":{"title":"JMPSTART Healthcare - Padilla Law","robots":{"index":"index","follow":"follow","max-snippet":"max-snippet:-1","max-image-preview":"max-image-preview:large","max-video-preview":"max-video-preview:-1"},"canonical":"https:\/\/padilla.law\/es\/healthcare\/","og_locale":"es_MX","og_type":"article","og_title":"JMPSTART Healthcare - Padilla Law","og_description":"JMPSTART Healthcare \u2122\ufe0f is PADILLA LAW\u2019s program of legal services aimed at healthcare and medical providers. The Experience You Need If you are a health care professional and have legal matters to address, the experienced attorney Jos\u00e9 Padilla, can provide you with efficient and effective representation. Jos\u00e9 has experience providing comprehensive legal representation to healthcare [&hellip;]","og_url":"https:\/\/padilla.law\/es\/healthcare\/","og_site_name":"Padilla Law","article_publisher":"https:\/\/www.facebook.com\/padillalawyer","article_modified_time":"2022-12-31T14:49:36+00:00","og_image":[{"url":"http:\/\/padilla.law\/wp-content\/uploads\/elementor\/thumbs\/bill-oxford-8u_2imJaVQs-unsplash-olhhe9s52yiazmlw1c889b9ky1nh74y1oscp60y0k8-ov2s23gu05s6curj8me8bvnygu735fvztjd3dg82ow.jpg"}],"twitter_card":"summary_large_image","twitter_misc":{"Tiempo de lectura":"1 minuto"},"schema":{"@context":"https:\/\/schema.org","@graph":[{"@type":"WebPage","@id":"https:\/\/padilla.law\/healthcare\/","url":"https:\/\/padilla.law\/healthcare\/","name":"JMPSTART Healthcare - Padilla Law","isPartOf":{"@id":"https:\/\/padilla.law\/#website"},"primaryImageOfPage":{"@id":"https:\/\/padilla.law\/healthcare\/#primaryimage"},"image":{"@id":"https:\/\/padilla.law\/healthcare\/#primaryimage"},"thumbnailUrl":"http:\/\/padilla.law\/wp-content\/uploads\/elementor\/thumbs\/bill-oxford-8u_2imJaVQs-unsplash-olhhe9s52yiazmlw1c889b9ky1nh74y1oscp60y0k8-ov2s23gu05s6curj8me8bvnygu735fvztjd3dg82ow.jpg","datePublished":"2020-05-28T13:44:51+00:00","dateModified":"2022-12-31T14:49:36+00:00","breadcrumb":{"@id":"https:\/\/padilla.law\/healthcare\/#breadcrumb"},"inLanguage":"es","potentialAction":[{"@type":"ReadAction","target":["https:\/\/padilla.law\/healthcare\/"]}]},{"@type":"ImageObject","inLanguage":"es","@id":"https:\/\/padilla.law\/healthcare\/#primaryimage","url":"http:\/\/padilla.law\/wp-content\/uploads\/elementor\/thumbs\/bill-oxford-8u_2imJaVQs-unsplash-olhhe9s52yiazmlw1c889b9ky1nh74y1oscp60y0k8-ov2s23gu05s6curj8me8bvnygu735fvztjd3dg82ow.jpg","contentUrl":"http:\/\/padilla.law\/wp-content\/uploads\/elementor\/thumbs\/bill-oxford-8u_2imJaVQs-unsplash-olhhe9s52yiazmlw1c889b9ky1nh74y1oscp60y0k8-ov2s23gu05s6curj8me8bvnygu735fvztjd3dg82ow.jpg"},{"@type":"BreadcrumbList","@id":"https:\/\/padilla.law\/healthcare\/#breadcrumb","itemListElement":[{"@type":"ListItem","position":1,"name":"Home","item":"https:\/\/padilla.law\/"},{"@type":"ListItem","position":2,"name":"JMPSTART Healthcare"}]},{"@type":"WebSite","@id":"https:\/\/padilla.law\/#website","url":"https:\/\/padilla.law\/","name":"Padilla Law","description":"One-of-a-kind Corporate Lawyer","publisher":{"@id":"https:\/\/padilla.law\/#organization"},"potentialAction":[{"@type":"SearchAction","target":{"@type":"EntryPoint","urlTemplate":"https:\/\/padilla.law\/?s={search_term_string}"},"query-input":"required name=search_term_string"}],"inLanguage":"es"},{"@type":"Organization","@id":"https:\/\/padilla.law\/#organization","name":"Padilla Law","url":"https:\/\/padilla.law\/","logo":{"@type":"ImageObject","inLanguage":"es","@id":"https:\/\/padilla.law\/#\/schema\/logo\/image\/","url":"http:\/\/padilla.law\/wp-content\/uploads\/2020\/05\/cropped-Padilla-Law-logo3767.jpg","contentUrl":"http:\/\/padilla.law\/wp-content\/uploads\/2020\/05\/cropped-Padilla-Law-logo3767.jpg","width":650,"height":185,"caption":"Padilla Law"},"image":{"@id":"https:\/\/padilla.law\/#\/schema\/logo\/image\/"},"sameAs":["https:\/\/www.facebook.com\/padillalawyer","https:\/\/www.linkedin.com\/company\/padillalaw"]}]}},"_links":{"self":[{"href":"https:\/\/padilla.law\/es\/wp-json\/wp\/v2\/pages\/124"}],"collection":[{"href":"https:\/\/padilla.law\/es\/wp-json\/wp\/v2\/pages"}],"about":[{"href":"https:\/\/padilla.law\/es\/wp-json\/wp\/v2\/types\/page"}],"author":[{"embeddable":true,"href":"https:\/\/padilla.law\/es\/wp-json\/wp\/v2\/users\/1"}],"replies":[{"embeddable":true,"href":"https:\/\/padilla.law\/es\/wp-json\/wp\/v2\/comments?post=124"}],"version-history":[{"count":12,"href":"https:\/\/padilla.law\/es\/wp-json\/wp\/v2\/pages\/124\/revisions"}],"predecessor-version":[{"id":1291,"href":"https:\/\/padilla.law\/es\/wp-json\/wp\/v2\/pages\/124\/revisions\/1291"}],"wp:attachment":[{"href":"https:\/\/padilla.law\/es\/wp-json\/wp\/v2\/media?parent=124"}],"curies":[{"name":"wp","href":"https:\/\/api.w.org\/{rel}","templated":true}]}}