{"id":259,"date":"2020-06-08T13:07:29","date_gmt":"2020-06-08T10:07:29","guid":{"rendered":"http:\/\/padilla.law\/?page_id=259"},"modified":"2021-10-25T09:32:56","modified_gmt":"2021-10-25T06:32:56","slug":"business-formation-structuring","status":"publish","type":"page","link":"https:\/\/padilla.law\/es\/business-formation-structuring\/","title":{"rendered":"Formaci\u00f3n y estruturaci\u00f3n de empresas"},"content":{"rendered":"<div data-elementor-type=\"wp-page\" data-elementor-id=\"259\" class=\"elementor elementor-259\">\n\t\t\t\t\t\t<div class=\"elementor-inner\">\n\t\t\t\t<div class=\"elementor-section-wrap\">\n\t\t\t\t\t\t\t\t\t<section class=\"elementor-section elementor-top-section elementor-element elementor-element-3993da30 elementor-section-boxed elementor-section-height-default elementor-section-height-default\" data-id=\"3993da30\" data-element_type=\"section\" data-settings=\"{&quot;background_background&quot;:&quot;classic&quot;}\">\n\t\t\t\t\t\t\t<div class=\"elementor-background-overlay\"><\/div>\n\t\t\t\t\t\t\t<div class=\"elementor-container elementor-column-gap-default\">\n\t\t\t\t\t\t\t<div class=\"elementor-row\">\n\t\t\t\t\t<div class=\"elementor-column elementor-col-100 elementor-top-column elementor-element elementor-element-3702b76f\" data-id=\"3702b76f\" data-element_type=\"column\">\n\t\t\t<div class=\"elementor-column-wrap elementor-element-populated\">\n\t\t\t\t\t\t\t<div class=\"elementor-widget-wrap\">\n\t\t\t\t\t\t<div class=\"elementor-element elementor-element-5bec49bf elementor-widget elementor-widget-heading\" data-id=\"5bec49bf\" data-element_type=\"widget\" data-widget_type=\"heading.default\">\n\t\t\t\t<div class=\"elementor-widget-container\">\n\t\t\t<h2 class=\"elementor-heading-title elementor-size-default\">Formaci\u00f3n y estruturaci\u00f3n de empresas <\/h2>\t\t<\/div>\n\t\t\t\t<\/div>\n\t\t\t\t<div class=\"elementor-element elementor-element-2ab28a5f elementor-align-left elementor-widget__width-initial elementor-fixed elementor-hidden-tablet elementor-hidden-phone elementor-widget elementor-widget-button\" data-id=\"2ab28a5f\" data-element_type=\"widget\" data-settings=\"{&quot;_position&quot;:&quot;fixed&quot;}\" data-widget_type=\"button.default\">\n\t\t\t\t<div class=\"elementor-widget-container\">\n\t\t\t\t\t<div class=\"elementor-button-wrapper\">\n\t\t\t<a href=\"#elementor-action:action=popup:open&settings=eyJpZCI6IjgwMSIsInRvZ2dsZSI6ZmFsc2V9\" class=\"elementor-button-link elementor-button elementor-size-md elementor-animation-bob\" role=\"button\">\n\t\t\t\t\t\t<span class=\"elementor-button-content-wrapper\">\n\t\t\t\t\t\t\t<span class=\"elementor-button-icon elementor-align-icon-left\">\n\t\t\t\t<i aria-hidden=\"true\" class=\"fas fa-envelope\"><\/i>\t\t\t<\/span>\n\t\t\t\t\t\t<span class=\"elementor-button-text\"><\/span>\n\t\t<\/span>\n\t\t\t\t\t<\/a>\n\t\t<\/div>\n\t\t\t\t<\/div>\n\t\t\t\t<\/div>\n\t\t\t\t<div class=\"elementor-element elementor-element-3c0e30ec elementor-align-left elementor-widget__width-initial elementor-fixed elementor-hidden-phone elementor-widget elementor-widget-button\" data-id=\"3c0e30ec\" data-element_type=\"widget\" data-settings=\"{&quot;_position&quot;:&quot;fixed&quot;}\" data-widget_type=\"button.default\">\n\t\t\t\t<div class=\"elementor-widget-container\">\n\t\t\t\t\t<div class=\"elementor-button-wrapper\">\n\t\t\t<a href=\"#top\" class=\"elementor-button-link elementor-button elementor-size-md elementor-animation-bob\" role=\"button\">\n\t\t\t\t\t\t<span class=\"elementor-button-content-wrapper\">\n\t\t\t\t\t\t\t<span class=\"elementor-button-icon elementor-align-icon-left\">\n\t\t\t\t<i aria-hidden=\"true\" class=\"fas fa-angle-up\"><\/i>\t\t\t<\/span>\n\t\t\t\t\t\t<span class=\"elementor-button-text\"><\/span>\n\t\t<\/span>\n\t\t\t\t\t<\/a>\n\t\t<\/div>\n\t\t\t\t<\/div>\n\t\t\t\t<\/div>\n\t\t\t\t\t\t<\/div>\n\t\t\t\t\t<\/div>\n\t\t<\/div>\n\t\t\t\t\t\t\t\t<\/div>\n\t\t\t\t\t<\/div>\n\t\t<\/section>\n\t\t\t\t<section class=\"elementor-section elementor-top-section elementor-element elementor-element-69471e19 elementor-section-boxed elementor-section-height-default elementor-section-height-default\" data-id=\"69471e19\" data-element_type=\"section\" data-settings=\"{&quot;background_background&quot;:&quot;classic&quot;}\">\n\t\t\t\t\t\t<div class=\"elementor-container elementor-column-gap-default\">\n\t\t\t\t\t\t\t<div class=\"elementor-row\">\n\t\t\t\t\t<div class=\"elementor-column elementor-col-50 elementor-top-column elementor-element elementor-element-31915c9f\" data-id=\"31915c9f\" data-element_type=\"column\">\n\t\t\t<div class=\"elementor-column-wrap elementor-element-populated\">\n\t\t\t\t\t\t\t<div class=\"elementor-widget-wrap\">\n\t\t\t\t\t\t<div class=\"elementor-element elementor-element-74648390 elementor-widget elementor-widget-heading\" data-id=\"74648390\" data-element_type=\"widget\" data-widget_type=\"heading.default\">\n\t\t\t\t<div class=\"elementor-widget-container\">\n\t\t\t<h3 class=\"elementor-heading-title elementor-size-default\">La Experiencia que Usted Necesita<\/h3>\t\t<\/div>\n\t\t\t\t<\/div>\n\t\t\t\t<div class=\"elementor-element elementor-element-1780775 elementor-widget elementor-widget-text-editor\" data-id=\"1780775\" data-element_type=\"widget\" data-widget_type=\"text-editor.default\">\n\t\t\t\t<div class=\"elementor-widget-container\">\n\t\t\t\t\t\t\t\t<div class=\"elementor-text-editor elementor-clearfix\">\n\t\t\t\t<p>La creaci\u00f3n de empresas suele ser el primer paso importante para los empresarios que crean nuevas empresas. Desde el momento en que inicia cualquier actividad empresarial, puede verse potencialmente expuesto a las responsabilidades de su negocio. Elegir la entidad empresarial adecuada y registrar su empresa puede ayudarle a limitar su exposici\u00f3n a la responsabilidad.<\/p><p>Establecer correctamente la estructura de su empresa desde el principio puede ser fundamental para garantizar la financiaci\u00f3n y ofrecer a su empresa las mejores posibilidades de \u00e9xito.<\/p><p>Padilla Law puede ayudarle a establecer sus asuntos sobre una base legal estricta para que pueda proporcionar a su organizaci\u00f3n la mejor oportunidad de \u00e9xito posible. Desde la formaci\u00f3n de la entidad a trav\u00e9s de la salida, podemos manejar sus necesidades legales corporativas.<\/p><p>Para aquellos que comienzan, a continuaci\u00f3n se ofrecen definiciones r\u00e1pidas de las entidades m\u00e1s comunes:<\/p><p><em>Corporaci\u00f3n:<\/em>entidad jur\u00eddica separada y distinta de sus propietarios. Sus propietarios poseen acciones y se denominan accionistas, y en ella los accionistas pueden participar en los beneficios mediante dividendos, pero tienen responsabilidad limitada (por ejemplo: no responden personalment sobre las deudas de la empresa).<\/p><p><em>Sociedad de Responsabilidad Limitada<\/em>entidad jur\u00eddica con estruturas h\u00edbridas flexibles que combinan las caracter\u00edsticas de una sociedad colectiva o de un empresario individual. Sus propietarios poseen participaciones y se denominan socios y en la que los socios pueden participar en los beneficios mediante repartos pero tambi\u00e9n tienen responsabilidad limitada.<\/p>\t\t\t\t\t<\/div>\n\t\t\t\t\t\t<\/div>\n\t\t\t\t<\/div>\n\t\t\t\t<div class=\"elementor-element elementor-element-f2b5ef5 elementor-widget elementor-widget-button\" data-id=\"f2b5ef5\" data-element_type=\"widget\" data-widget_type=\"button.default\">\n\t\t\t\t<div class=\"elementor-widget-container\">\n\t\t\t\t\t<div class=\"elementor-button-wrapper\">\n\t\t\t<a href=\"https:\/\/padilla.law\/es\/startup\/\" class=\"elementor-button-link elementor-button elementor-size-sm\" role=\"button\">\n\t\t\t\t\t\t<span class=\"elementor-button-content-wrapper\">\n\t\t\t\t\t\t<span class=\"elementor-button-text\">Para conocer nuestros precios con descuento para constituir una sociedad en Delaware, haga click aqu\u00ed.<\/span>\n\t\t<\/span>\n\t\t\t\t\t<\/a>\n\t\t<\/div>\n\t\t\t\t<\/div>\n\t\t\t\t<\/div>\n\t\t\t\t\t\t<\/div>\n\t\t\t\t\t<\/div>\n\t\t<\/div>\n\t\t\t\t<div class=\"elementor-column elementor-col-50 elementor-top-column elementor-element elementor-element-57b3da6b\" data-id=\"57b3da6b\" data-element_type=\"column\" data-settings=\"{&quot;background_background&quot;:&quot;classic&quot;}\">\n\t\t\t<div class=\"elementor-column-wrap elementor-element-populated\">\n\t\t\t\t\t\t\t<div class=\"elementor-widget-wrap\">\n\t\t\t\t\t\t<div class=\"elementor-element elementor-element-65911bfe elementor-widget elementor-widget-image\" data-id=\"65911bfe\" data-element_type=\"widget\" data-widget_type=\"image.default\">\n\t\t\t\t<div class=\"elementor-widget-container\">\n\t\t\t\t\t\t\t\t<div class=\"elementor-image\">\n\t\t\t\t\t\t\t\t\t\t\t\t<img decoding=\"async\" src=\"https:\/\/padilla.law\/wp-content\/uploads\/elementor\/thumbs\/office-meeting-from-above_t20_En1x6J-scaled-1-qrhaa8j50mxmjsdn7ck5u5glgtostizjp8qku66a3k.jpg\" title=\"office-meeting-from-above_t20_En1x6J-scaled.jpg\" alt=\"office-meeting-from-above_t20_En1x6J-scaled.jpg\" \/>\t\t\t\t\t\t\t\t\t\t\t\t\t\t<\/div>\n\t\t\t\t\t\t<\/div>\n\t\t\t\t<\/div>\n\t\t\t\t<div class=\"elementor-element elementor-element-2769b2d elementor-blockquote--skin-quotation elementor-blockquote--align-left elementor-blockquote--button-color-official elementor-widget elementor-widget-blockquote\" data-id=\"2769b2d\" data-element_type=\"widget\" data-widget_type=\"blockquote.default\">\n\t\t\t\t<div class=\"elementor-widget-container\">\n\t\t\t\t\t<blockquote class=\"elementor-blockquote\">\n\t\t\t<p class=\"elementor-blockquote__content\">\n\t\t\t\tNo quiero un abogado que me diga lo que no puedo hac Contrato a un abogado para que me diga c\u00f3mo puedo hacer lo que quiero\t\t\t<\/p>\n\t\t\t\t\t\t\t<footer>\n\t\t\t\t\t\t\t\t\t\t\t<cite class=\"elementor-blockquote__author\">J.P Morgan<\/cite>\n\t\t\t\t\t\t\t\t\t\t\t\t\t\t<\/footer>\n\t\t\t\t\t<\/blockquote>\n\t\t\t\t<\/div>\n\t\t\t\t<\/div>\n\t\t\t\t\t\t<\/div>\n\t\t\t\t\t<\/div>\n\t\t<\/div>\n\t\t\t\t\t\t\t\t<\/div>\n\t\t\t\t\t<\/div>\n\t\t<\/section>\n\t\t\t\t\t\t\t\t\t<\/div>\n\t\t\t<\/div>\n\t\t\t\t\t<\/div>","protected":false},"excerpt":{"rendered":"<p>Business Formation &#038; Structuring The Experience You Need Business formation is often the first major step for entrepreneurs establishing new companies. From the moment you begin any business activity, you can potentially be exposed to the liabilities of your business. Choosing the right business entity and registering your company can help limit your exposure to [&hellip;]<\/p>","protected":false},"author":1,"featured_media":0,"parent":0,"menu_order":0,"comment_status":"closed","ping_status":"closed","template":"","meta":{"footnotes":""},"yoast_head":"<!-- This site is optimized with the Yoast SEO plugin v22.7 - https:\/\/yoast.com\/wordpress\/plugins\/seo\/ -->\n<title>Business Formation &amp; Structuring - Padilla Law<\/title>\n<meta name=\"robots\" content=\"index, follow, max-snippet:-1, max-image-preview:large, max-video-preview:-1\" \/>\n<link rel=\"canonical\" href=\"https:\/\/padilla.law\/es\/business-formation-structuring\/\" \/>\n<meta property=\"og:locale\" content=\"es_MX\" \/>\n<meta property=\"og:type\" content=\"article\" \/>\n<meta property=\"og:title\" content=\"Business Formation &amp; Structuring - Padilla Law\" \/>\n<meta property=\"og:description\" content=\"Business Formation &#038; Structuring The Experience You Need Business formation is often the first major step for entrepreneurs establishing new companies. From the moment you begin any business activity, you can potentially be exposed to the liabilities of your business. Choosing the right business entity and registering your company can help limit your exposure to [&hellip;]\" \/>\n<meta property=\"og:url\" content=\"https:\/\/padilla.law\/es\/business-formation-structuring\/\" \/>\n<meta property=\"og:site_name\" content=\"Padilla Law\" \/>\n<meta property=\"article:publisher\" content=\"https:\/\/www.facebook.com\/padillalawyer\" \/>\n<meta property=\"article:modified_time\" content=\"2021-10-25T06:32:56+00:00\" \/>\n<meta property=\"og:image\" content=\"http:\/\/padilla.law\/wp-content\/uploads\/elementor\/thumbs\/office-meeting-from-above_t20_En1x6J-scaled-1-ov2s23gu05s6curj8me8bvnygu735fvztjd3ieu468.jpg\" \/>\n<meta name=\"twitter:card\" content=\"summary_large_image\" \/>\n<meta name=\"twitter:label1\" content=\"Tiempo de lectura\" \/>\n\t<meta name=\"twitter:data1\" content=\"1 minuto\" \/>\n<script type=\"application\/ld+json\" class=\"yoast-schema-graph\">{\"@context\":\"https:\/\/schema.org\",\"@graph\":[{\"@type\":\"WebPage\",\"@id\":\"https:\/\/padilla.law\/business-formation-structuring\/\",\"url\":\"https:\/\/padilla.law\/business-formation-structuring\/\",\"name\":\"Business Formation & Structuring - Padilla Law\",\"isPartOf\":{\"@id\":\"https:\/\/padilla.law\/#website\"},\"primaryImageOfPage\":{\"@id\":\"https:\/\/padilla.law\/business-formation-structuring\/#primaryimage\"},\"image\":{\"@id\":\"https:\/\/padilla.law\/business-formation-structuring\/#primaryimage\"},\"thumbnailUrl\":\"http:\/\/padilla.law\/wp-content\/uploads\/elementor\/thumbs\/office-meeting-from-above_t20_En1x6J-scaled-1-ov2s23gu05s6curj8me8bvnygu735fvztjd3ieu468.jpg\",\"datePublished\":\"2020-06-08T10:07:29+00:00\",\"dateModified\":\"2021-10-25T06:32:56+00:00\",\"breadcrumb\":{\"@id\":\"https:\/\/padilla.law\/business-formation-structuring\/#breadcrumb\"},\"inLanguage\":\"es\",\"potentialAction\":[{\"@type\":\"ReadAction\",\"target\":[\"https:\/\/padilla.law\/business-formation-structuring\/\"]}]},{\"@type\":\"ImageObject\",\"inLanguage\":\"es\",\"@id\":\"https:\/\/padilla.law\/business-formation-structuring\/#primaryimage\",\"url\":\"http:\/\/padilla.law\/wp-content\/uploads\/elementor\/thumbs\/office-meeting-from-above_t20_En1x6J-scaled-1-ov2s23gu05s6curj8me8bvnygu735fvztjd3ieu468.jpg\",\"contentUrl\":\"http:\/\/padilla.law\/wp-content\/uploads\/elementor\/thumbs\/office-meeting-from-above_t20_En1x6J-scaled-1-ov2s23gu05s6curj8me8bvnygu735fvztjd3ieu468.jpg\"},{\"@type\":\"BreadcrumbList\",\"@id\":\"https:\/\/padilla.law\/business-formation-structuring\/#breadcrumb\",\"itemListElement\":[{\"@type\":\"ListItem\",\"position\":1,\"name\":\"Home\",\"item\":\"https:\/\/padilla.law\/\"},{\"@type\":\"ListItem\",\"position\":2,\"name\":\"Business Formation &#038; Structuring\"}]},{\"@type\":\"WebSite\",\"@id\":\"https:\/\/padilla.law\/#website\",\"url\":\"https:\/\/padilla.law\/\",\"name\":\"Padilla Law\",\"description\":\"One-of-a-kind Corporate Lawyer\",\"publisher\":{\"@id\":\"https:\/\/padilla.law\/#organization\"},\"potentialAction\":[{\"@type\":\"SearchAction\",\"target\":{\"@type\":\"EntryPoint\",\"urlTemplate\":\"https:\/\/padilla.law\/?s={search_term_string}\"},\"query-input\":\"required name=search_term_string\"}],\"inLanguage\":\"es\"},{\"@type\":\"Organization\",\"@id\":\"https:\/\/padilla.law\/#organization\",\"name\":\"Padilla Law\",\"url\":\"https:\/\/padilla.law\/\",\"logo\":{\"@type\":\"ImageObject\",\"inLanguage\":\"es\",\"@id\":\"https:\/\/padilla.law\/#\/schema\/logo\/image\/\",\"url\":\"http:\/\/padilla.law\/wp-content\/uploads\/2020\/05\/cropped-Padilla-Law-logo3767.jpg\",\"contentUrl\":\"http:\/\/padilla.law\/wp-content\/uploads\/2020\/05\/cropped-Padilla-Law-logo3767.jpg\",\"width\":650,\"height\":185,\"caption\":\"Padilla Law\"},\"image\":{\"@id\":\"https:\/\/padilla.law\/#\/schema\/logo\/image\/\"},\"sameAs\":[\"https:\/\/www.facebook.com\/padillalawyer\",\"https:\/\/www.linkedin.com\/company\/padillalaw\"]}]}<\/script>\n<!-- \/ Yoast SEO plugin. -->","yoast_head_json":{"title":"Business Formation & Structuring - Padilla Law","robots":{"index":"index","follow":"follow","max-snippet":"max-snippet:-1","max-image-preview":"max-image-preview:large","max-video-preview":"max-video-preview:-1"},"canonical":"https:\/\/padilla.law\/es\/business-formation-structuring\/","og_locale":"es_MX","og_type":"article","og_title":"Business Formation & Structuring - Padilla Law","og_description":"Business Formation &#038; Structuring The Experience You Need Business formation is often the first major step for entrepreneurs establishing new companies. From the moment you begin any business activity, you can potentially be exposed to the liabilities of your business. Choosing the right business entity and registering your company can help limit your exposure to [&hellip;]","og_url":"https:\/\/padilla.law\/es\/business-formation-structuring\/","og_site_name":"Padilla Law","article_publisher":"https:\/\/www.facebook.com\/padillalawyer","article_modified_time":"2021-10-25T06:32:56+00:00","og_image":[{"url":"http:\/\/padilla.law\/wp-content\/uploads\/elementor\/thumbs\/office-meeting-from-above_t20_En1x6J-scaled-1-ov2s23gu05s6curj8me8bvnygu735fvztjd3ieu468.jpg"}],"twitter_card":"summary_large_image","twitter_misc":{"Tiempo de lectura":"1 minuto"},"schema":{"@context":"https:\/\/schema.org","@graph":[{"@type":"WebPage","@id":"https:\/\/padilla.law\/business-formation-structuring\/","url":"https:\/\/padilla.law\/business-formation-structuring\/","name":"Business Formation & Structuring - Padilla Law","isPartOf":{"@id":"https:\/\/padilla.law\/#website"},"primaryImageOfPage":{"@id":"https:\/\/padilla.law\/business-formation-structuring\/#primaryimage"},"image":{"@id":"https:\/\/padilla.law\/business-formation-structuring\/#primaryimage"},"thumbnailUrl":"http:\/\/padilla.law\/wp-content\/uploads\/elementor\/thumbs\/office-meeting-from-above_t20_En1x6J-scaled-1-ov2s23gu05s6curj8me8bvnygu735fvztjd3ieu468.jpg","datePublished":"2020-06-08T10:07:29+00:00","dateModified":"2021-10-25T06:32:56+00:00","breadcrumb":{"@id":"https:\/\/padilla.law\/business-formation-structuring\/#breadcrumb"},"inLanguage":"es","potentialAction":[{"@type":"ReadAction","target":["https:\/\/padilla.law\/business-formation-structuring\/"]}]},{"@type":"ImageObject","inLanguage":"es","@id":"https:\/\/padilla.law\/business-formation-structuring\/#primaryimage","url":"http:\/\/padilla.law\/wp-content\/uploads\/elementor\/thumbs\/office-meeting-from-above_t20_En1x6J-scaled-1-ov2s23gu05s6curj8me8bvnygu735fvztjd3ieu468.jpg","contentUrl":"http:\/\/padilla.law\/wp-content\/uploads\/elementor\/thumbs\/office-meeting-from-above_t20_En1x6J-scaled-1-ov2s23gu05s6curj8me8bvnygu735fvztjd3ieu468.jpg"},{"@type":"BreadcrumbList","@id":"https:\/\/padilla.law\/business-formation-structuring\/#breadcrumb","itemListElement":[{"@type":"ListItem","position":1,"name":"Home","item":"https:\/\/padilla.law\/"},{"@type":"ListItem","position":2,"name":"Business Formation &#038; Structuring"}]},{"@type":"WebSite","@id":"https:\/\/padilla.law\/#website","url":"https:\/\/padilla.law\/","name":"Padilla Law","description":"One-of-a-kind Corporate Lawyer","publisher":{"@id":"https:\/\/padilla.law\/#organization"},"potentialAction":[{"@type":"SearchAction","target":{"@type":"EntryPoint","urlTemplate":"https:\/\/padilla.law\/?s={search_term_string}"},"query-input":"required name=search_term_string"}],"inLanguage":"es"},{"@type":"Organization","@id":"https:\/\/padilla.law\/#organization","name":"Padilla Law","url":"https:\/\/padilla.law\/","logo":{"@type":"ImageObject","inLanguage":"es","@id":"https:\/\/padilla.law\/#\/schema\/logo\/image\/","url":"http:\/\/padilla.law\/wp-content\/uploads\/2020\/05\/cropped-Padilla-Law-logo3767.jpg","contentUrl":"http:\/\/padilla.law\/wp-content\/uploads\/2020\/05\/cropped-Padilla-Law-logo3767.jpg","width":650,"height":185,"caption":"Padilla Law"},"image":{"@id":"https:\/\/padilla.law\/#\/schema\/logo\/image\/"},"sameAs":["https:\/\/www.facebook.com\/padillalawyer","https:\/\/www.linkedin.com\/company\/padillalaw"]}]}},"_links":{"self":[{"href":"https:\/\/padilla.law\/es\/wp-json\/wp\/v2\/pages\/259"}],"collection":[{"href":"https:\/\/padilla.law\/es\/wp-json\/wp\/v2\/pages"}],"about":[{"href":"https:\/\/padilla.law\/es\/wp-json\/wp\/v2\/types\/page"}],"author":[{"embeddable":true,"href":"https:\/\/padilla.law\/es\/wp-json\/wp\/v2\/users\/1"}],"replies":[{"embeddable":true,"href":"https:\/\/padilla.law\/es\/wp-json\/wp\/v2\/comments?post=259"}],"version-history":[{"count":7,"href":"https:\/\/padilla.law\/es\/wp-json\/wp\/v2\/pages\/259\/revisions"}],"predecessor-version":[{"id":789,"href":"https:\/\/padilla.law\/es\/wp-json\/wp\/v2\/pages\/259\/revisions\/789"}],"wp:attachment":[{"href":"https:\/\/padilla.law\/es\/wp-json\/wp\/v2\/media?parent=259"}],"curies":[{"name":"wp","href":"https:\/\/api.w.org\/{rel}","templated":true}]}}